{"id":1862,"date":"2013-04-06T06:33:11","date_gmt":"2013-04-06T06:33:11","guid":{"rendered":"http:\/\/www.goitaca.com.br\/piracicaba"},"modified":"2014-04-07T14:10:51","modified_gmt":"2014-04-07T14:10:51","slug":"quem-somos","status":"publish","type":"page","link":"https:\/\/goitaca.com.br\/palmas\/?page_id=1862","title":{"rendered":"Quem Somos"},"content":{"rendered":"<p><a href=\"http:\/\/www.goitaca.com.br\/palmas\/wp-content\/uploads\/2013\/04\/goitaca2.jpg\"><img loading=\"lazy\" decoding=\"async\" class=\"alignnone size-full wp-image-1953\" alt=\"goitaca2\" src=\"http:\/\/www.goitaca.com.br\/palmas\/wp-content\/uploads\/2013\/04\/goitaca2.jpg\" width=\"960\" height=\"644\" srcset=\"https:\/\/goitaca.com.br\/palmas\/wp-content\/uploads\/2013\/04\/goitaca2.jpg 960w, https:\/\/goitaca.com.br\/palmas\/wp-content\/uploads\/2013\/04\/goitaca2-300x201.jpg 300w, https:\/\/goitaca.com.br\/palmas\/wp-content\/uploads\/2013\/04\/goitaca2-701x470.jpg 701w\" sizes=\"auto, (max-width: 960px) 100vw, 960px\" \/><\/a><\/p>\n<p style=\"text-align: justify;\">A <strong>GOITAC\u00c1 &#8211; Solu\u00e7\u00f5es Ambientais e Geotecnol\u00f3gicas<\/strong> \u00e9 uma consultoria especializada em regulariza\u00e7\u00e3o ambiental e desenvolvimento sustent\u00e1vel, composta por profissionais de diversas \u00e1reas que trabalham em prol de oferecer solu\u00e7\u00f5es que atendam \u00e0 todos os tipos de clientes, apresentando um custo benef\u00edcio que os incentivem a atender as solicita\u00e7\u00f5es de adequa\u00e7\u00f5es requeridas pelas Autoridades Ambientais.<br \/>\nA empresa desenvolve servi\u00e7os que envolvem 3 segmentos:<strong> Meio Ambiente, Geotecnologia e Saneamento.<\/strong><\/p>\n<p style=\"text-align: justify;\">Em nossa equipe de profissionais contamos com Engenheiros Ambientais, Florestais e Cart\u00f3grafos, al\u00e9m de Ge\u00f3logos, Ec\u00f3logos, Bi\u00f3logos, Administradores entre outros.<\/p>\n","protected":false},"excerpt":{"rendered":"<p>A GOITAC\u00c1 &#8211; Solu\u00e7\u00f5es Ambientais e Geotecnol\u00f3gicas \u00e9 uma consultoria especializada em regulariza\u00e7\u00e3o ambiental e desenvolvimento sustent\u00e1vel, composta por profissionais de diversas \u00e1reas que trabalham em prol de oferecer solu\u00e7\u00f5es que atendam \u00e0 todos os tipos de clientes, apresentando um custo benef\u00edcio que os incentivem a atender as solicita\u00e7\u00f5es de adequa\u00e7\u00f5es requeridas pelas Autoridades Ambientais. [&hellip;]<\/p>\n","protected":false},"author":1,"featured_media":0,"parent":0,"menu_order":1,"comment_status":"open","ping_status":"open","template":"","meta":{"footnotes":""},"class_list":["post-1862","page","type-page","status-publish","hentry"],"_links":{"self":[{"href":"https:\/\/goitaca.com.br\/palmas\/index.php?rest_route=\/wp\/v2\/pages\/1862","targetHints":{"allow":["GET"]}}],"collection":[{"href":"https:\/\/goitaca.com.br\/palmas\/index.php?rest_route=\/wp\/v2\/pages"}],"about":[{"href":"https:\/\/goitaca.com.br\/palmas\/index.php?rest_route=\/wp\/v2\/types\/page"}],"author":[{"embeddable":true,"href":"https:\/\/goitaca.com.br\/palmas\/index.php?rest_route=\/wp\/v2\/users\/1"}],"replies":[{"embeddable":true,"href":"https:\/\/goitaca.com.br\/palmas\/index.php?rest_route=%2Fwp%2Fv2%2Fcomments&post=1862"}],"version-history":[{"count":10,"href":"https:\/\/goitaca.com.br\/palmas\/index.php?rest_route=\/wp\/v2\/pages\/1862\/revisions"}],"predecessor-version":[{"id":2289,"href":"https:\/\/goitaca.com.br\/palmas\/index.php?rest_route=\/wp\/v2\/pages\/1862\/revisions\/2289"}],"wp:attachment":[{"href":"https:\/\/goitaca.com.br\/palmas\/index.php?rest_route=%2Fwp%2Fv2%2Fmedia&parent=1862"}],"curies":[{"name":"wp","href":"https:\/\/api.w.org\/{rel}","templated":true}]}}