{"id":1910,"date":"2014-02-17T18:34:33","date_gmt":"2014-02-17T18:34:33","guid":{"rendered":"http:\/\/www.goitaca.com.br\/palmas\/?page_id=1910"},"modified":"2014-03-31T14:02:17","modified_gmt":"2014-03-31T14:02:17","slug":"criacao-de-rppn","status":"publish","type":"page","link":"https:\/\/goitaca.com.br\/palmas\/?page_id=1910","title":{"rendered":"Cria\u00e7\u00e3o e Gest\u00e3o de UC\u2019s"},"content":{"rendered":"<h4 style=\"text-align: justify;\"><b>Conservando o pouco que nos resta!<\/b><\/h4>\n<p>&nbsp;<\/p>\n<p style=\"text-align: justify;\">A Goitac\u00e1 Solu\u00e7\u00f5es Ambientais e Geotecnol\u00f3gicas presta total assessoria t\u00e9cnica para os interessados na CRIA\u00c7\u00c3O e GEST\u00c3O de Unidades de Conserva\u00e7\u00e3o.<\/p>\n<p style=\"text-align: justify;\">Al\u00e9m disso, a Goitac\u00e1 j\u00e1 possui plena experi\u00eancia na Gest\u00e3o de Unidades de Conserva\u00e7\u00e3o de acordo com o disposto pelo Sistema Nacional de Unidades Conserva\u00e7\u00e3o \u2013 SNUC.<\/p>\n<p style=\"text-align: justify;\">Especializada na elabora\u00e7\u00e3o de planos de manejo e cria\u00e7\u00e3o de Reservas Particulares de Patrim\u00f4nio Natural (RPPN\u2019s), a Goitac\u00e1 Solu\u00e7\u00f5es Ambientais e Geotecnol\u00f3gicas estimula e ap\u00f3ia a cria\u00e7\u00e3o desta categoria de unidade de conserva\u00e7\u00e3o.<\/p>\n<p style=\"text-align: justify;\">RPPN \u00e9 \u201cuma \u00e1rea privada, gravada com perpetuidade, com o objetivo de conservar a diversidade biol\u00f3gica\u201d.<\/p>\n<p style=\"text-align: justify;\">As RPPN s\u00e3o criadas por ato volunt\u00e1rio do propriet\u00e1rio, que n\u00e3o perde a posse da terra e recebe isen\u00e7\u00e3o dos impostos incidentes sobre o local. Nesta categoria de Unidade de Conserva\u00e7\u00e3o s\u00f3 s\u00e3o permitidas atividades relacionadas com a pesquisa cient\u00edfica e\/ou visita\u00e7\u00e3o com objetivos tur\u00edsticos, recreativos e educacionais.<\/p>\n<p style=\"text-align: justify;\"><a href=\"http:\/\/www.adoteocerrado.com\"><b>Conhe\u00e7a o nosso Programa Adote o Cerrado<\/b>.\u00a0<\/a><\/p>\n","protected":false},"excerpt":{"rendered":"<p>Conservando o pouco que nos resta! &nbsp; A Goitac\u00e1 Solu\u00e7\u00f5es Ambientais e Geotecnol\u00f3gicas presta total assessoria t\u00e9cnica para os interessados na CRIA\u00c7\u00c3O e GEST\u00c3O de Unidades de Conserva\u00e7\u00e3o. Al\u00e9m disso, a Goitac\u00e1 j\u00e1 possui plena experi\u00eancia na Gest\u00e3o de Unidades de Conserva\u00e7\u00e3o de acordo com o disposto pelo Sistema Nacional de Unidades Conserva\u00e7\u00e3o \u2013 SNUC. [&hellip;]<\/p>\n","protected":false},"author":1,"featured_media":0,"parent":0,"menu_order":0,"comment_status":"open","ping_status":"open","template":"","meta":{"footnotes":""},"class_list":["post-1910","page","type-page","status-publish","hentry"],"_links":{"self":[{"href":"https:\/\/goitaca.com.br\/palmas\/index.php?rest_route=\/wp\/v2\/pages\/1910","targetHints":{"allow":["GET"]}}],"collection":[{"href":"https:\/\/goitaca.com.br\/palmas\/index.php?rest_route=\/wp\/v2\/pages"}],"about":[{"href":"https:\/\/goitaca.com.br\/palmas\/index.php?rest_route=\/wp\/v2\/types\/page"}],"author":[{"embeddable":true,"href":"https:\/\/goitaca.com.br\/palmas\/index.php?rest_route=\/wp\/v2\/users\/1"}],"replies":[{"embeddable":true,"href":"https:\/\/goitaca.com.br\/palmas\/index.php?rest_route=%2Fwp%2Fv2%2Fcomments&post=1910"}],"version-history":[{"count":19,"href":"https:\/\/goitaca.com.br\/palmas\/index.php?rest_route=\/wp\/v2\/pages\/1910\/revisions"}],"predecessor-version":[{"id":2184,"href":"https:\/\/goitaca.com.br\/palmas\/index.php?rest_route=\/wp\/v2\/pages\/1910\/revisions\/2184"}],"wp:attachment":[{"href":"https:\/\/goitaca.com.br\/palmas\/index.php?rest_route=%2Fwp%2Fv2%2Fmedia&parent=1910"}],"curies":[{"name":"wp","href":"https:\/\/api.w.org\/{rel}","templated":true}]}}