{"id":1912,"date":"2014-02-17T18:36:01","date_gmt":"2014-02-17T18:36:01","guid":{"rendered":"http:\/\/www.goitaca.com.br\/palmas\/?page_id=1912"},"modified":"2014-03-31T14:06:49","modified_gmt":"2014-03-31T14:06:49","slug":"georreferenciamento-rural","status":"publish","type":"page","link":"https:\/\/goitaca.com.br\/palmas\/?page_id=1912","title":{"rendered":"Georreferenciamento de Im\u00f3veis Rurais"},"content":{"rendered":"<h5 style=\"text-align: justify;\"><b style=\"line-height: 1.5em;\">Trabalhamos com o Sistema online de Certifica\u00e7\u00e3o de Im\u00f3veis Rurais (SIGEF)!<\/b><\/h5>\n<p>&nbsp;<\/p>\n<p style=\"text-align: justify;\">O SIGEF, em funcionamento desde 25 de novembro de 2013,\u00a0 certificou mais de 10 milh\u00f5es de propriedades nos 4 primeiros meses de funcionamento, permitindo \u00a0que o processo de certifica\u00e7\u00e3o seja feito de forma automatizada. O novo sistema \u00e9 capaz de analisar a sobreposi\u00e7\u00e3o com o cadastro georreferenciado do Incra e gerar a planta e memorial descritivo de forma autom\u00e1tica, tornando praticamente instant\u00e2nea a certifica\u00e7\u00e3o do im\u00f3vel no INCRA.<\/p>\n<p style=\"text-align: justify;\"><b>Quem \u00e9 obrigado a fazer o Georreferenciamento?<\/b><\/p>\n<p style=\"text-align: justify;\">Todos os propriet\u00e1rios dos im\u00f3veis rurais maiores que 250ha, que desejarem realizar altera\u00e7\u00f5es cartoriais como venda, desmembramento, parcelamento, remembramento, qualquer tipo de transfer\u00eancia ou em caso de utiliza\u00e7\u00e3o da propriedade para fins de financiamento e hipoteca. Nos casos de processos judiciais, o georreferenciamento \u00e9 sempre exigido independentemente do tamanho das \u00e1reas.<\/p>\n<p style=\"text-align: justify;\"><b>Em que implica a n\u00e3o realiza\u00e7\u00e3o do Georreferenciamento?\u00a0\u00a0\u00a0\u00a0 <\/b><\/p>\n<p style=\"text-align: justify;\">Impedimento da efetiva\u00e7\u00e3o de qualquer transcri\u00e7\u00e3o na matr\u00edcula.<\/p>\n<p style=\"text-align: justify;\"><b>CCIR (Certificado de Cadastro de Im\u00f3vel Rural)<\/b><\/p>\n<p style=\"text-align: justify;\">No momento da realiza\u00e7\u00e3o do georreferenciamento, \u00e9 realizada concomitantemente a atualiza\u00e7\u00e3o cadastral da propriedade (Emiss\u00e3o do CCIR).<\/p>\n<p style=\"text-align: justify;\"><b>\u00a0<\/b><b>Por que fazer o geo de sua propriedade?<\/b><\/p>\n<p style=\"text-align: justify;\">Torna imposs\u00edvel a sobreposi\u00e7\u00e3o de matr\u00edculas;<br \/>\nAlta precis\u00e3o na descri\u00e7\u00e3o do im\u00f3vel, al\u00e9m do seu formato e localiza\u00e7\u00e3o;<br \/>\nSeguran\u00e7a jur\u00eddica quanto \u00e0 \u00e1rea e a posse propriedade;<br \/>\nValoriza\u00e7\u00e3o do im\u00f3vel para uma poss\u00edvel venda;<br \/>\nPr\u00e9-requisito para quaisquer formas de financiamentos.<\/p>\n","protected":false},"excerpt":{"rendered":"<p>Trabalhamos com o Sistema online de Certifica\u00e7\u00e3o de Im\u00f3veis Rurais (SIGEF)! &nbsp; O SIGEF, em funcionamento desde 25 de novembro de 2013,\u00a0 certificou mais de 10 milh\u00f5es de propriedades nos 4 primeiros meses de funcionamento, permitindo \u00a0que o processo de certifica\u00e7\u00e3o seja feito de forma automatizada. O novo sistema \u00e9 capaz de analisar a sobreposi\u00e7\u00e3o [&hellip;]<\/p>\n","protected":false},"author":1,"featured_media":0,"parent":0,"menu_order":0,"comment_status":"open","ping_status":"open","template":"","meta":{"footnotes":""},"class_list":["post-1912","page","type-page","status-publish","hentry"],"_links":{"self":[{"href":"https:\/\/goitaca.com.br\/palmas\/index.php?rest_route=\/wp\/v2\/pages\/1912","targetHints":{"allow":["GET"]}}],"collection":[{"href":"https:\/\/goitaca.com.br\/palmas\/index.php?rest_route=\/wp\/v2\/pages"}],"about":[{"href":"https:\/\/goitaca.com.br\/palmas\/index.php?rest_route=\/wp\/v2\/types\/page"}],"author":[{"embeddable":true,"href":"https:\/\/goitaca.com.br\/palmas\/index.php?rest_route=\/wp\/v2\/users\/1"}],"replies":[{"embeddable":true,"href":"https:\/\/goitaca.com.br\/palmas\/index.php?rest_route=%2Fwp%2Fv2%2Fcomments&post=1912"}],"version-history":[{"count":3,"href":"https:\/\/goitaca.com.br\/palmas\/index.php?rest_route=\/wp\/v2\/pages\/1912\/revisions"}],"predecessor-version":[{"id":2096,"href":"https:\/\/goitaca.com.br\/palmas\/index.php?rest_route=\/wp\/v2\/pages\/1912\/revisions\/2096"}],"wp:attachment":[{"href":"https:\/\/goitaca.com.br\/palmas\/index.php?rest_route=%2Fwp%2Fv2%2Fmedia&parent=1912"}],"curies":[{"name":"wp","href":"https:\/\/api.w.org\/{rel}","templated":true}]}}