{"id":1916,"date":"2014-02-17T18:36:52","date_gmt":"2014-02-17T18:36:52","guid":{"rendered":"http:\/\/www.goitaca.com.br\/palmas\/?page_id=1916"},"modified":"2014-03-31T14:02:49","modified_gmt":"2014-03-31T14:02:49","slug":"licenciamento-ambiental","status":"publish","type":"page","link":"https:\/\/goitaca.com.br\/palmas\/?page_id=1916","title":{"rendered":"Licenciamento ambiental"},"content":{"rendered":"<h4 style=\"text-align: justify;\">Licenciamento ambiental<\/h4>\n<p>&nbsp;<\/p>\n<p style=\"text-align: justify;\"><b>Geralmente para a maioria dos empreendimentos \u00e9 necess\u00e1rio obter tr\u00eas tipos de licen\u00e7a:<\/b><\/p>\n<p style=\"text-align: justify;\">1-\u00a0\u00a0\u00a0\u00a0\u00a0 Licen\u00e7a Pr\u00e9via \u2013 LP<\/p>\n<p style=\"text-align: justify;\">Ser\u00e3o apresentados os estudos de licenciamento ambiental (RCA\/PCA ou EIA\/RIMA) e propostas para alternativas locacionais do empreendimento;<\/p>\n<p style=\"text-align: justify;\">Define a viabilidade econ\u00f4mica e ambiental do empreendimento.<\/p>\n<p style=\"text-align: justify;\">2-\u00a0\u00a0\u00a0\u00a0\u00a0 Licen\u00e7a de Instala\u00e7\u00e3o \u2013 LI<\/p>\n<p style=\"text-align: justify;\">Ser\u00e1 apresentada uma lista dos impactos ambientais causados pelas interven\u00e7\u00f5es do empreendimento e canteiro de obras, bem como elabora\u00e7\u00e3o de programas ambientais contendo as medidas mitigadoras\u00a0 dos impactos.<\/p>\n<p style=\"text-align: justify;\">Nessa fase, devem ser apresentadas autoriza\u00e7\u00f5es para supress\u00e3o de vegeta\u00e7\u00e3o\/perfura\u00e7\u00e3o\/capta\u00e7\u00e3o de \u00e1gua subterr\u00e2nea\/etc.<\/p>\n<p style=\"text-align: justify;\">A licen\u00e7a tem validade de acordo com o cronograma da obra, podendo ser prorrogada.<\/p>\n<p style=\"text-align: justify;\">3-\u00a0\u00a0\u00a0\u00a0\u00a0 Licen\u00e7a de Opera\u00e7\u00e3o \u2013 LO<\/p>\n<p style=\"text-align: justify;\">Ser\u00e1 apresentada uma lista dos impactos ambientais decorrentes da opera\u00e7\u00e3o do empreendimento, programas de monitoramento e as respectivas medidas mitigadoras.<\/p>\n<p style=\"text-align: justify;\">Basicamente este \u00e9 o processo de licenciamento ambiental.<\/p>\n<p style=\"text-align: justify;\"><b>A GOITAC\u00c1 \u2013 Solu\u00e7\u00f5es Ambientais e Geotecnol\u00f3gicas realiza todo o processo, tanto a elabora\u00e7\u00e3o dos requerimentos necess\u00e1rios e protocolo nos \u00f3rg\u00e3os competentes, estudos ambientais, monitoramento ambiental, acompanhamento de todo o processo at\u00e9 emiss\u00e3o das Licen\u00e7as.<\/b><\/p>\n","protected":false},"excerpt":{"rendered":"<p>Licenciamento ambiental &nbsp; Geralmente para a maioria dos empreendimentos \u00e9 necess\u00e1rio obter tr\u00eas tipos de licen\u00e7a: 1-\u00a0\u00a0\u00a0\u00a0\u00a0 Licen\u00e7a Pr\u00e9via \u2013 LP Ser\u00e3o apresentados os estudos de licenciamento ambiental (RCA\/PCA ou EIA\/RIMA) e propostas para alternativas locacionais do empreendimento; Define a viabilidade econ\u00f4mica e ambiental do empreendimento. 2-\u00a0\u00a0\u00a0\u00a0\u00a0 Licen\u00e7a de Instala\u00e7\u00e3o \u2013 LI Ser\u00e1 apresentada uma [&hellip;]<\/p>\n","protected":false},"author":1,"featured_media":0,"parent":0,"menu_order":0,"comment_status":"open","ping_status":"open","template":"","meta":{"footnotes":""},"class_list":["post-1916","page","type-page","status-publish","hentry"],"_links":{"self":[{"href":"https:\/\/goitaca.com.br\/palmas\/index.php?rest_route=\/wp\/v2\/pages\/1916","targetHints":{"allow":["GET"]}}],"collection":[{"href":"https:\/\/goitaca.com.br\/palmas\/index.php?rest_route=\/wp\/v2\/pages"}],"about":[{"href":"https:\/\/goitaca.com.br\/palmas\/index.php?rest_route=\/wp\/v2\/types\/page"}],"author":[{"embeddable":true,"href":"https:\/\/goitaca.com.br\/palmas\/index.php?rest_route=\/wp\/v2\/users\/1"}],"replies":[{"embeddable":true,"href":"https:\/\/goitaca.com.br\/palmas\/index.php?rest_route=%2Fwp%2Fv2%2Fcomments&post=1916"}],"version-history":[{"count":5,"href":"https:\/\/goitaca.com.br\/palmas\/index.php?rest_route=\/wp\/v2\/pages\/1916\/revisions"}],"predecessor-version":[{"id":2186,"href":"https:\/\/goitaca.com.br\/palmas\/index.php?rest_route=\/wp\/v2\/pages\/1916\/revisions\/2186"}],"wp:attachment":[{"href":"https:\/\/goitaca.com.br\/palmas\/index.php?rest_route=%2Fwp%2Fv2%2Fmedia&parent=1916"}],"curies":[{"name":"wp","href":"https:\/\/api.w.org\/{rel}","templated":true}]}}