{"id":1920,"date":"2014-02-17T18:37:39","date_gmt":"2014-02-17T18:37:39","guid":{"rendered":"http:\/\/www.goitaca.com.br\/palmas\/?page_id=1920"},"modified":"2014-03-31T14:03:29","modified_gmt":"2014-03-31T14:03:29","slug":"pericia-e-laudos-ambientais","status":"publish","type":"page","link":"https:\/\/goitaca.com.br\/palmas\/?page_id=1920","title":{"rendered":"Per\u00edcia e Laudos em Meio Ambiente e Geod\u00e9sia"},"content":{"rendered":"<h4>Per\u00edcia e Laudos em Meio Ambiente e Geod\u00e9sia<\/h4>\n<p>&nbsp;<\/p>\n<p><b>PRECISA DE AJUDA?<\/b><\/p>\n<p>A Goitac\u00e1 Solu\u00e7\u00f5es Ambientais e Geotecnol\u00f3gicas est\u00e1 a disposi\u00e7\u00e3o para elaborar Laudos e per\u00edcias para legitimar Termos de Ajustamento de Conduta (TAC), termos de compromisso com \u00f3rg\u00e3os ambientais, legalizar im\u00f3veis rurais, empresas e empreendimentos.<\/p>\n<p>Al\u00e9m de contar com equipe qualificada para elaborar Laudos periciais no ramo de cartografia e geod\u00e9sia.<\/p>\n","protected":false},"excerpt":{"rendered":"<p>Per\u00edcia e Laudos em Meio Ambiente e Geod\u00e9sia &nbsp; PRECISA DE AJUDA? A Goitac\u00e1 Solu\u00e7\u00f5es Ambientais e Geotecnol\u00f3gicas est\u00e1 a disposi\u00e7\u00e3o para elaborar Laudos e per\u00edcias para legitimar Termos de Ajustamento de Conduta (TAC), termos de compromisso com \u00f3rg\u00e3os ambientais, legalizar im\u00f3veis rurais, empresas e empreendimentos. Al\u00e9m de contar com equipe qualificada para elaborar Laudos [&hellip;]<\/p>\n","protected":false},"author":1,"featured_media":0,"parent":0,"menu_order":0,"comment_status":"open","ping_status":"open","template":"","meta":{"footnotes":""},"class_list":["post-1920","page","type-page","status-publish","hentry"],"_links":{"self":[{"href":"https:\/\/goitaca.com.br\/palmas\/index.php?rest_route=\/wp\/v2\/pages\/1920","targetHints":{"allow":["GET"]}}],"collection":[{"href":"https:\/\/goitaca.com.br\/palmas\/index.php?rest_route=\/wp\/v2\/pages"}],"about":[{"href":"https:\/\/goitaca.com.br\/palmas\/index.php?rest_route=\/wp\/v2\/types\/page"}],"author":[{"embeddable":true,"href":"https:\/\/goitaca.com.br\/palmas\/index.php?rest_route=\/wp\/v2\/users\/1"}],"replies":[{"embeddable":true,"href":"https:\/\/goitaca.com.br\/palmas\/index.php?rest_route=%2Fwp%2Fv2%2Fcomments&post=1920"}],"version-history":[{"count":2,"href":"https:\/\/goitaca.com.br\/palmas\/index.php?rest_route=\/wp\/v2\/pages\/1920\/revisions"}],"predecessor-version":[{"id":2092,"href":"https:\/\/goitaca.com.br\/palmas\/index.php?rest_route=\/wp\/v2\/pages\/1920\/revisions\/2092"}],"wp:attachment":[{"href":"https:\/\/goitaca.com.br\/palmas\/index.php?rest_route=%2Fwp%2Fv2%2Fmedia&parent=1920"}],"curies":[{"name":"wp","href":"https:\/\/api.w.org\/{rel}","templated":true}]}}