{"id":1922,"date":"2014-02-17T18:37:59","date_gmt":"2014-02-17T18:37:59","guid":{"rendered":"http:\/\/www.goitaca.com.br\/palmas\/?page_id=1922"},"modified":"2014-03-31T14:03:47","modified_gmt":"2014-03-31T14:03:47","slug":"recuperacao-de-areas-degradadas","status":"publish","type":"page","link":"https:\/\/goitaca.com.br\/palmas\/?page_id=1922","title":{"rendered":"Recupera\u00e7\u00e3o de \u00e1reas degradadas"},"content":{"rendered":"<h4><b>Remediar tamb\u00e9m \u00e9 agir!<\/b><\/h4>\n<p>&nbsp;<\/p>\n<p>Desenvolvemos Projetos, planos e estudos para diagnosticar e reabilitar as \u00e1reas degradadas e otimizar os espa\u00e7os de forma produtiva com formas de cultivo vi\u00e1veis e ecol\u00f3gicas atendendo \u00e0s especifica\u00e7\u00f5es legais e ambientais.<\/p>\n<p><b>Utilizar m\u00e9todos de melhor custo-benef\u00edcio e efic\u00e1cia s\u00e3o as prioridades da Goitac\u00e1 Solu\u00e7\u00f5es Ambientais e Geotecnol\u00f3gicas.<\/b><b><\/b><\/p>\n","protected":false},"excerpt":{"rendered":"<p>Remediar tamb\u00e9m \u00e9 agir! &nbsp; Desenvolvemos Projetos, planos e estudos para diagnosticar e reabilitar as \u00e1reas degradadas e otimizar os espa\u00e7os de forma produtiva com formas de cultivo vi\u00e1veis e ecol\u00f3gicas atendendo \u00e0s especifica\u00e7\u00f5es legais e ambientais. Utilizar m\u00e9todos de melhor custo-benef\u00edcio e efic\u00e1cia s\u00e3o as prioridades da Goitac\u00e1 Solu\u00e7\u00f5es Ambientais e Geotecnol\u00f3gicas.<\/p>\n","protected":false},"author":1,"featured_media":0,"parent":0,"menu_order":0,"comment_status":"open","ping_status":"open","template":"","meta":{"footnotes":""},"class_list":["post-1922","page","type-page","status-publish","hentry"],"_links":{"self":[{"href":"https:\/\/goitaca.com.br\/palmas\/index.php?rest_route=\/wp\/v2\/pages\/1922","targetHints":{"allow":["GET"]}}],"collection":[{"href":"https:\/\/goitaca.com.br\/palmas\/index.php?rest_route=\/wp\/v2\/pages"}],"about":[{"href":"https:\/\/goitaca.com.br\/palmas\/index.php?rest_route=\/wp\/v2\/types\/page"}],"author":[{"embeddable":true,"href":"https:\/\/goitaca.com.br\/palmas\/index.php?rest_route=\/wp\/v2\/users\/1"}],"replies":[{"embeddable":true,"href":"https:\/\/goitaca.com.br\/palmas\/index.php?rest_route=%2Fwp%2Fv2%2Fcomments&post=1922"}],"version-history":[{"count":7,"href":"https:\/\/goitaca.com.br\/palmas\/index.php?rest_route=\/wp\/v2\/pages\/1922\/revisions"}],"predecessor-version":[{"id":2177,"href":"https:\/\/goitaca.com.br\/palmas\/index.php?rest_route=\/wp\/v2\/pages\/1922\/revisions\/2177"}],"wp:attachment":[{"href":"https:\/\/goitaca.com.br\/palmas\/index.php?rest_route=%2Fwp%2Fv2%2Fmedia&parent=1922"}],"curies":[{"name":"wp","href":"https:\/\/api.w.org\/{rel}","templated":true}]}}