{"id":1924,"date":"2014-02-17T18:38:22","date_gmt":"2014-02-17T18:38:22","guid":{"rendered":"http:\/\/www.goitaca.com.br\/palmas\/?page_id=1924"},"modified":"2014-03-31T14:01:45","modified_gmt":"2014-03-31T14:01:45","slug":"regularizacao-de-propriedades-rurais","status":"publish","type":"page","link":"https:\/\/goitaca.com.br\/palmas\/?page_id=1924","title":{"rendered":"CAR \u2013 Cadastro Ambiental Rural"},"content":{"rendered":"<h4 style=\"text-align: justify;\">CAR<\/h4>\n<p>&nbsp;<\/p>\n<p style=\"text-align: justify;\">Al\u00e9m de substituir a antiga exig\u00eancia de Averba\u00e7\u00e3o da Reserva Legal, <b>\u201co CAR contribui, ainda, para a elabora\u00e7\u00e3o de planos municipais de ocupa\u00e7\u00e3o do solo, como forma de evitar o crescimento desordenado das cidades e do agroneg\u00f3cio, e para a identifica\u00e7\u00e3o precisa de \u00e1reas onde a restaura\u00e7\u00e3o da floresta amaz\u00f4nica ou do Cerrado precisam ser realizados.\u201d<\/b><\/p>\n<p style=\"text-align: justify;\">Fonte: The Nature Conservancy (TNC)<\/p>\n<p style=\"text-align: justify;\"><b>\u00a0<\/b><\/p>\n<h4 style=\"text-align: justify;\"><b>Algumas d\u00favidas referentes ao CAR<\/b><\/h4>\n<p style=\"text-align: justify;\"><b>Quem \u00e9 obrigado a fazer o CAR?<\/b><\/p>\n<p style=\"text-align: justify;\">Todos os propriet\u00e1rios rurais, independente do tamanho de suas \u00e1reas, <span style=\"text-decoration: underline;\">com ou sem matr\u00edcula, registros de im\u00f3veis, ou transcri\u00e7\u00f5es. O intuito \u00e9 a regulariza\u00e7\u00e3o ambiental, e n\u00e3o a regulariza\u00e7\u00e3o fundi\u00e1ria.<\/span><\/p>\n<p style=\"text-align: justify;\"><b>J\u00e1 posso fazer?<\/b><\/p>\n<p style=\"text-align: justify;\">J\u00e1 est\u00e1 em funcionamento o SICAR, que alimentar\u00e1 a base de dados nacional. Entretanto, conforme previsto no artigo 21 do Decreto 7.830\/2012, ser\u00e1 necess\u00e1rio a assinatura da Ministra do Meio Ambiente implantando o CAR nacional.<\/p>\n<p style=\"text-align: justify;\">Por\u00e9m alguns estados (a maioria na regi\u00e3o Norte) do Brasil, j\u00e1 possuem o sistema em pleno funcionamento.<\/p>\n<p style=\"text-align: justify;\"><b>Por que fazer o cadastro?<\/b><\/p>\n<p style=\"text-align: justify;\">Ele facilitar\u00e1 a vida do propriet\u00e1rio rural que pretende obter licen\u00e7as ambientais, pois a comprova\u00e7\u00e3o da regularidade da propriedade acontecer\u00e1 por meio da inscri\u00e7\u00e3o e aprova\u00e7\u00e3o do CAR e o cumprimento no disposto no Plano de Regulariza\u00e7\u00e3o Ambiental, que ser\u00e1 em breve institu\u00eddo. N\u00e3o haver\u00e1 mais a necessidade de procedimentos anteriormente obrigat\u00f3rios, como a averba\u00e7\u00e3o em matr\u00edcula de Reservas Legais etc.<\/p>\n<p style=\"text-align: justify;\"><b>E se eu n\u00e3o fizer?<\/b><\/p>\n<p style=\"text-align: justify;\">O propriet\u00e1rio rural que n\u00e3o inscrever sua propriedade no CAR, poder\u00e1 sofrer san\u00e7\u00f5es como advert\u00eancias ou multas, al\u00e9m de n\u00e3o poder mais obter nenhuma autoriza\u00e7\u00e3o ambiental ou cr\u00e9dito rural. Somente com o CAR ser\u00e1 poss\u00edvel aderir ao Programa de Regulariza\u00e7\u00e3o Ambiental (PRA), que permitir\u00e1 obter o uso consolidado de \u00c1reas de Preserva\u00e7\u00e3o Permanente que j\u00e1 estavam sendo utilizadas em 22 de julho de 2008, conforme os crit\u00e9rios da Lei.<b><\/b><\/p>\n<p style=\"text-align: justify;\">Por esses e outros motivos, a GOITAC\u00c1 \u2013 Solu\u00e7\u00f5es Ambientais e Geotecnol\u00f3gicas ter\u00e1 o prazer de trabalhar em cima de sua propriedade rural, para evitar problemas com a legisla\u00e7\u00e3o ambiental e concomitantemente, tornar sua propriedade um exemplo.<\/p>\n<p style=\"text-align: justify;\">Trabalhamos com as melhores imagens de sat\u00e9lites do mercado, al\u00e9m dos <b>Ve\u00edculos A\u00e9reos n\u00e2o Tripulados<\/b> inovando a forma de representar as propriedades rurais por meio de mapas tem\u00e1ticos e cartas geogr\u00e1ficas.<\/p>\n<p style=\"text-align: justify;\">Para isso contamos com uma equipe altamente qualificada e acess\u00edvel.<\/p>\n<div id=\"attachment_2099\" style=\"width: 626px\" class=\"wp-caption aligncenter\"><a href=\"http:\/\/www.goitaca.com.br\/palmas\/wp-content\/uploads\/2014\/02\/desenho-de-uma-propriedade-adequada.jpg\"><img loading=\"lazy\" decoding=\"async\" aria-describedby=\"caption-attachment-2099\" class=\" wp-image-2099 \" alt=\"Exemplo de uma propriedade rural de acordo com a legisla\u00e7\u00e3o ambiental.\" src=\"http:\/\/www.goitaca.com.br\/palmas\/wp-content\/uploads\/2014\/02\/desenho-de-uma-propriedade-adequada.jpg\" width=\"616\" height=\"258\" srcset=\"https:\/\/goitaca.com.br\/palmas\/wp-content\/uploads\/2014\/02\/desenho-de-uma-propriedade-adequada.jpg 1283w, https:\/\/goitaca.com.br\/palmas\/wp-content\/uploads\/2014\/02\/desenho-de-uma-propriedade-adequada-300x125.jpg 300w, https:\/\/goitaca.com.br\/palmas\/wp-content\/uploads\/2014\/02\/desenho-de-uma-propriedade-adequada-1024x428.jpg 1024w, https:\/\/goitaca.com.br\/palmas\/wp-content\/uploads\/2014\/02\/desenho-de-uma-propriedade-adequada-701x293.jpg 701w\" sizes=\"auto, (max-width: 616px) 100vw, 616px\" \/><\/a><p id=\"caption-attachment-2099\" class=\"wp-caption-text\">Exemplo de uma propriedade rural de acordo com a legisla\u00e7\u00e3o ambiental.<\/p><\/div>\n","protected":false},"excerpt":{"rendered":"<p>CAR &nbsp; Al\u00e9m de substituir a antiga exig\u00eancia de Averba\u00e7\u00e3o da Reserva Legal, \u201co CAR contribui, ainda, para a elabora\u00e7\u00e3o de planos municipais de ocupa\u00e7\u00e3o do solo, como forma de evitar o crescimento desordenado das cidades e do agroneg\u00f3cio, e para a identifica\u00e7\u00e3o precisa de \u00e1reas onde a restaura\u00e7\u00e3o da floresta amaz\u00f4nica ou do Cerrado [&hellip;]<\/p>\n","protected":false},"author":1,"featured_media":0,"parent":0,"menu_order":0,"comment_status":"open","ping_status":"open","template":"","meta":{"footnotes":""},"class_list":["post-1924","page","type-page","status-publish","hentry"],"_links":{"self":[{"href":"https:\/\/goitaca.com.br\/palmas\/index.php?rest_route=\/wp\/v2\/pages\/1924","targetHints":{"allow":["GET"]}}],"collection":[{"href":"https:\/\/goitaca.com.br\/palmas\/index.php?rest_route=\/wp\/v2\/pages"}],"about":[{"href":"https:\/\/goitaca.com.br\/palmas\/index.php?rest_route=\/wp\/v2\/types\/page"}],"author":[{"embeddable":true,"href":"https:\/\/goitaca.com.br\/palmas\/index.php?rest_route=\/wp\/v2\/users\/1"}],"replies":[{"embeddable":true,"href":"https:\/\/goitaca.com.br\/palmas\/index.php?rest_route=%2Fwp%2Fv2%2Fcomments&post=1924"}],"version-history":[{"count":8,"href":"https:\/\/goitaca.com.br\/palmas\/index.php?rest_route=\/wp\/v2\/pages\/1924\/revisions"}],"predecessor-version":[{"id":2172,"href":"https:\/\/goitaca.com.br\/palmas\/index.php?rest_route=\/wp\/v2\/pages\/1924\/revisions\/2172"}],"wp:attachment":[{"href":"https:\/\/goitaca.com.br\/palmas\/index.php?rest_route=%2Fwp%2Fv2%2Fmedia&parent=1924"}],"curies":[{"name":"wp","href":"https:\/\/api.w.org\/{rel}","templated":true}]}}