{"id":1928,"date":"2014-02-17T18:39:14","date_gmt":"2014-02-17T18:39:14","guid":{"rendered":"http:\/\/www.goitaca.com.br\/palmas\/?page_id=1928"},"modified":"2014-03-31T14:07:30","modified_gmt":"2014-03-31T14:07:30","slug":"topografia","status":"publish","type":"page","link":"https:\/\/goitaca.com.br\/palmas\/?page_id=1928","title":{"rendered":"Topografia"},"content":{"rendered":"<h5>Topografia<\/h5>\n<p>&nbsp;<\/p>\n<ul>\n<li>Levantamento topogr\u00e1fico planialtim\u00e9trico cadastral (urbano e rural);<\/li>\n<li>Levantamento topogr\u00e1fico perim\u00e9trico;<\/li>\n<li>Perf\u00eds longitudinais e se\u00e7\u00f5es: Ruas, Avenidas, Rodovias, C\u00f3rregos, etc;<\/li>\n<li>Desenho t\u00e9cnico em geral utilizando ferramentas gr\u00e1ficas (AutoCAD);<\/li>\n<li>Projetos de Loteamento e condom\u00ednio e tra\u00e7ado de rodovias;<\/li>\n<li>C\u00e1lculos gerais, envolvidos em loteamentos;<\/li>\n<li>Projetos de Barragem;<\/li>\n<li>Projetos de Represas e Lagos;<\/li>\n<li>Projetos de Drenagem;<\/li>\n<li>Projetos Ambientais para libera\u00e7\u00e3o nos Org\u00e3os (DEPRN , DAEE , IBAMA);<\/li>\n<li>Digitaliza\u00e7\u00e3o de mapas;<\/li>\n<\/ul>\n","protected":false},"excerpt":{"rendered":"<p>Topografia &nbsp; Levantamento topogr\u00e1fico planialtim\u00e9trico cadastral (urbano e rural); Levantamento topogr\u00e1fico perim\u00e9trico; Perf\u00eds longitudinais e se\u00e7\u00f5es: Ruas, Avenidas, Rodovias, C\u00f3rregos, etc; Desenho t\u00e9cnico em geral utilizando ferramentas gr\u00e1ficas (AutoCAD); Projetos de Loteamento e condom\u00ednio e tra\u00e7ado de rodovias; C\u00e1lculos gerais, envolvidos em loteamentos; Projetos de Barragem; Projetos de Represas e Lagos; Projetos de Drenagem; Projetos [&hellip;]<\/p>\n","protected":false},"author":1,"featured_media":0,"parent":0,"menu_order":0,"comment_status":"open","ping_status":"open","template":"","meta":{"footnotes":""},"class_list":["post-1928","page","type-page","status-publish","hentry"],"_links":{"self":[{"href":"https:\/\/goitaca.com.br\/palmas\/index.php?rest_route=\/wp\/v2\/pages\/1928","targetHints":{"allow":["GET"]}}],"collection":[{"href":"https:\/\/goitaca.com.br\/palmas\/index.php?rest_route=\/wp\/v2\/pages"}],"about":[{"href":"https:\/\/goitaca.com.br\/palmas\/index.php?rest_route=\/wp\/v2\/types\/page"}],"author":[{"embeddable":true,"href":"https:\/\/goitaca.com.br\/palmas\/index.php?rest_route=\/wp\/v2\/users\/1"}],"replies":[{"embeddable":true,"href":"https:\/\/goitaca.com.br\/palmas\/index.php?rest_route=%2Fwp%2Fv2%2Fcomments&post=1928"}],"version-history":[{"count":2,"href":"https:\/\/goitaca.com.br\/palmas\/index.php?rest_route=\/wp\/v2\/pages\/1928\/revisions"}],"predecessor-version":[{"id":2187,"href":"https:\/\/goitaca.com.br\/palmas\/index.php?rest_route=\/wp\/v2\/pages\/1928\/revisions\/2187"}],"wp:attachment":[{"href":"https:\/\/goitaca.com.br\/palmas\/index.php?rest_route=%2Fwp%2Fv2%2Fmedia&parent=1928"}],"curies":[{"name":"wp","href":"https:\/\/api.w.org\/{rel}","templated":true}]}}