{"id":1990,"date":"2014-02-28T14:47:39","date_gmt":"2014-02-28T14:47:39","guid":{"rendered":"http:\/\/www.goitaca.com.br\/palmas\/?page_id=1990"},"modified":"2014-04-07T14:12:49","modified_gmt":"2014-04-07T14:12:49","slug":"produtos","status":"publish","type":"page","link":"https:\/\/goitaca.com.br\/palmas\/?page_id=1990","title":{"rendered":"Produtos"},"content":{"rendered":"<h4>SELECIONE O PRODUTO DESEJADO:<\/h4>\n<p>&nbsp;<\/p>\n<p><a href=\"http:\/\/www.goitaca.com.br\/palmas\/imagens-aereas-em-alta-resolucao\/\"><b>Imagens A\u00e9reas Em Alta Resolu\u00e7\u00e3o<\/b><\/a><\/p>\n<p><a href=\"http:\/\/www.goitaca.com.br\/palmas\/receptor-gnss-topcon-hiper-v\/\"><b>Receptor GNSS Topcon Hiper V RTK Com R\u00e1dio Interno + Coletor De Dados FC-236<\/b><\/a><\/p>\n<p><b>\u00a0<\/b><\/p>\n<p><b>\u00a0<\/b><\/p>\n","protected":false},"excerpt":{"rendered":"<p>SELECIONE O PRODUTO DESEJADO: &nbsp; Imagens A\u00e9reas Em Alta Resolu\u00e7\u00e3o Receptor GNSS Topcon Hiper V RTK Com R\u00e1dio Interno + Coletor De Dados FC-236 \u00a0 \u00a0<\/p>\n","protected":false},"author":1,"featured_media":0,"parent":0,"menu_order":0,"comment_status":"open","ping_status":"open","template":"","meta":{"footnotes":""},"class_list":["post-1990","page","type-page","status-publish","hentry"],"_links":{"self":[{"href":"https:\/\/goitaca.com.br\/palmas\/index.php?rest_route=\/wp\/v2\/pages\/1990","targetHints":{"allow":["GET"]}}],"collection":[{"href":"https:\/\/goitaca.com.br\/palmas\/index.php?rest_route=\/wp\/v2\/pages"}],"about":[{"href":"https:\/\/goitaca.com.br\/palmas\/index.php?rest_route=\/wp\/v2\/types\/page"}],"author":[{"embeddable":true,"href":"https:\/\/goitaca.com.br\/palmas\/index.php?rest_route=\/wp\/v2\/users\/1"}],"replies":[{"embeddable":true,"href":"https:\/\/goitaca.com.br\/palmas\/index.php?rest_route=%2Fwp%2Fv2%2Fcomments&post=1990"}],"version-history":[{"count":2,"href":"https:\/\/goitaca.com.br\/palmas\/index.php?rest_route=\/wp\/v2\/pages\/1990\/revisions"}],"predecessor-version":[{"id":2227,"href":"https:\/\/goitaca.com.br\/palmas\/index.php?rest_route=\/wp\/v2\/pages\/1990\/revisions\/2227"}],"wp:attachment":[{"href":"https:\/\/goitaca.com.br\/palmas\/index.php?rest_route=%2Fwp%2Fv2%2Fmedia&parent=1990"}],"curies":[{"name":"wp","href":"https:\/\/api.w.org\/{rel}","templated":true}]}}