{"id":2016,"date":"2014-02-28T15:52:55","date_gmt":"2014-02-28T15:52:55","guid":{"rendered":"http:\/\/www.goitaca.com.br\/palmas\/?page_id=2016"},"modified":"2014-04-02T15:02:46","modified_gmt":"2014-04-02T15:02:46","slug":"servicos","status":"publish","type":"page","link":"https:\/\/goitaca.com.br\/palmas\/?page_id=2016","title":{"rendered":"Servi\u00e7os"},"content":{"rendered":"<p>A equipe da<strong> GOITAC\u00c1 \u2013 Solu\u00e7\u00f5es Ambientais e Geotecnol\u00f3gicas<\/strong> est\u00e1 de prontid\u00e3o para lhe assessorar em qualquer \u00a0assunto ligado ao meio ambiente e suas interfaces, de acordo com suas necessidades e individualidades.<\/p>\n<p><strong>Navegue pelas nossas principais \u00e1reas de atua\u00e7\u00e3o e solicite seu or\u00e7amento.<\/strong><\/p>\n<p><a href=\"http:\/\/www.goitaca.com.br\/palmas\/wp-content\/uploads\/2014\/02\/servicos_imagem.png\"><img loading=\"lazy\" decoding=\"async\" class=\"alignnone size-full wp-image-2017\" alt=\"servicos_imagem\" src=\"http:\/\/www.goitaca.com.br\/palmas\/wp-content\/uploads\/2014\/02\/servicos_imagem.png\" width=\"286\" height=\"203\" \/><\/a><\/p>\n","protected":false},"excerpt":{"rendered":"<p>A equipe da GOITAC\u00c1 \u2013 Solu\u00e7\u00f5es Ambientais e Geotecnol\u00f3gicas est\u00e1 de prontid\u00e3o para lhe assessorar em qualquer \u00a0assunto ligado ao meio ambiente e suas interfaces, de acordo com suas necessidades e individualidades. Navegue pelas nossas principais \u00e1reas de atua\u00e7\u00e3o e solicite seu or\u00e7amento.<\/p>\n","protected":false},"author":1,"featured_media":0,"parent":0,"menu_order":0,"comment_status":"open","ping_status":"open","template":"","meta":{"footnotes":""},"class_list":["post-2016","page","type-page","status-publish","hentry"],"_links":{"self":[{"href":"https:\/\/goitaca.com.br\/palmas\/index.php?rest_route=\/wp\/v2\/pages\/2016","targetHints":{"allow":["GET"]}}],"collection":[{"href":"https:\/\/goitaca.com.br\/palmas\/index.php?rest_route=\/wp\/v2\/pages"}],"about":[{"href":"https:\/\/goitaca.com.br\/palmas\/index.php?rest_route=\/wp\/v2\/types\/page"}],"author":[{"embeddable":true,"href":"https:\/\/goitaca.com.br\/palmas\/index.php?rest_route=\/wp\/v2\/users\/1"}],"replies":[{"embeddable":true,"href":"https:\/\/goitaca.com.br\/palmas\/index.php?rest_route=%2Fwp%2Fv2%2Fcomments&post=2016"}],"version-history":[{"count":2,"href":"https:\/\/goitaca.com.br\/palmas\/index.php?rest_route=\/wp\/v2\/pages\/2016\/revisions"}],"predecessor-version":[{"id":2209,"href":"https:\/\/goitaca.com.br\/palmas\/index.php?rest_route=\/wp\/v2\/pages\/2016\/revisions\/2209"}],"wp:attachment":[{"href":"https:\/\/goitaca.com.br\/palmas\/index.php?rest_route=%2Fwp%2Fv2%2Fmedia&parent=2016"}],"curies":[{"name":"wp","href":"https:\/\/api.w.org\/{rel}","templated":true}]}}