{"id":2079,"date":"2014-03-26T16:32:38","date_gmt":"2014-03-26T16:32:38","guid":{"rendered":"http:\/\/www.goitaca.com.br\/palmas\/?page_id=2079"},"modified":"2014-03-26T16:37:57","modified_gmt":"2014-03-26T16:37:57","slug":"mapeamentos-e-levantamentos-atraves-de-vants","status":"publish","type":"page","link":"https:\/\/goitaca.com.br\/palmas\/?page_id=2079","title":{"rendered":"Mapeamentos e Levantamentos atrav\u00e9s de VANT\u2019s"},"content":{"rendered":"<h4 style=\"text-align: justify;\"><span style=\"line-height: 1.5em;\">Mapeamentos e Levantamentos atrav\u00e9s de VANT\u2019s (<\/span><span style=\"line-height: 1.5em;\">Ve\u00edculos A\u00e9reos N\u00e3o Tripulados)<\/span><\/h4>\n<p style=\"text-align: justify;\"><a href=\"http:\/\/www.goitaca.com.br\/palmas\/wp-content\/uploads\/2014\/03\/imagem-vant.png\"><img loading=\"lazy\" decoding=\"async\" class=\" wp-image-2081 alignleft\" style=\"margin: 10px;\" alt=\"imagem vant\" src=\"http:\/\/www.goitaca.com.br\/palmas\/wp-content\/uploads\/2014\/03\/imagem-vant.png\" width=\"421\" height=\"436\" srcset=\"https:\/\/goitaca.com.br\/palmas\/wp-content\/uploads\/2014\/03\/imagem-vant.png 1170w, https:\/\/goitaca.com.br\/palmas\/wp-content\/uploads\/2014\/03\/imagem-vant-289x300.png 289w, https:\/\/goitaca.com.br\/palmas\/wp-content\/uploads\/2014\/03\/imagem-vant-989x1024.png 989w, https:\/\/goitaca.com.br\/palmas\/wp-content\/uploads\/2014\/03\/imagem-vant-701x725.png 701w\" sizes=\"auto, (max-width: 421px) 100vw, 421px\" \/><\/a><\/p>\n<p style=\"text-align: justify;\">A Goitac\u00e1 Solu\u00e7\u00f5es Ambientais e Geotecnol\u00f3gicas conta com equipamentos de alt\u00edssima tecnologia a fim de inovar a presta\u00e7\u00e3o de servi\u00e7os a um pre\u00e7o infinitamente menor que o aplicado hoje no mercado.<\/p>\n<p style=\"text-align: justify;\">Esses equipamentos nos proporcionam executar servi\u00e7os por pre\u00e7os baixos e com m\u00e1xima rapidez e efici\u00eancia, alguns deles:<\/p>\n<p style=\"text-align: justify;\"><b>Mapeamentos 2D;<\/b><\/p>\n<p style=\"text-align: justify;\"><b>Modelos Digitais do Terreno (MDT); <\/b><\/p>\n<p style=\"text-align: justify;\"><b>Cadastramento Ambiental Rural (CAR);<\/b><\/p>\n<p style=\"text-align: justify;\"><b>Monitoramento de Obras;<\/b><\/p>\n<p style=\"text-align: justify;\"><b>Monitoramento Ambiental;<\/b><\/p>\n<p style=\"text-align: justify;\"><b>Monitoramento Agr\u00edcola voltado para agricultura de Precis\u00e3o;<\/b><\/p>\n<p style=\"text-align: justify;\"><b>Obten\u00e7\u00e3o e loca\u00e7\u00e3o de curvas de n\u00edvel;<\/b><\/p>\n<p style=\"text-align: justify;\"><b>Obten\u00e7\u00e3o de imagens a\u00e9reas de m\u00e1xima resolu\u00e7\u00e3o;<\/b><\/p>\n<p style=\"text-align: justify;\"><b>C\u00e1lculo de movimenta\u00e7\u00e3o de terra;<\/b><\/p>\n<p style=\"text-align: justify;\"><b>C\u00e1lculo de volumetria de madeira de reflorestamento;<\/b><\/p>\n<p style=\"text-align: justify;\"><b>Levantamento de falhas nos plantios (voltado para agricultura de precis\u00e3o);<\/b><\/p>\n<p style=\"text-align: justify;\">Entre in\u00fameros outros servi\u00e7os.<\/p>\n","protected":false},"excerpt":{"rendered":"<p>Mapeamentos e Levantamentos atrav\u00e9s de VANT\u2019s (Ve\u00edculos A\u00e9reos N\u00e3o Tripulados) A Goitac\u00e1 Solu\u00e7\u00f5es Ambientais e Geotecnol\u00f3gicas conta com equipamentos de alt\u00edssima tecnologia a fim de inovar a presta\u00e7\u00e3o de servi\u00e7os a um pre\u00e7o infinitamente menor que o aplicado hoje no mercado. Esses equipamentos nos proporcionam executar servi\u00e7os por pre\u00e7os baixos e com m\u00e1xima rapidez e [&hellip;]<\/p>\n","protected":false},"author":1,"featured_media":0,"parent":0,"menu_order":0,"comment_status":"open","ping_status":"open","template":"","meta":{"footnotes":""},"class_list":["post-2079","page","type-page","status-publish","hentry"],"_links":{"self":[{"href":"https:\/\/goitaca.com.br\/palmas\/index.php?rest_route=\/wp\/v2\/pages\/2079","targetHints":{"allow":["GET"]}}],"collection":[{"href":"https:\/\/goitaca.com.br\/palmas\/index.php?rest_route=\/wp\/v2\/pages"}],"about":[{"href":"https:\/\/goitaca.com.br\/palmas\/index.php?rest_route=\/wp\/v2\/types\/page"}],"author":[{"embeddable":true,"href":"https:\/\/goitaca.com.br\/palmas\/index.php?rest_route=\/wp\/v2\/users\/1"}],"replies":[{"embeddable":true,"href":"https:\/\/goitaca.com.br\/palmas\/index.php?rest_route=%2Fwp%2Fv2%2Fcomments&post=2079"}],"version-history":[{"count":5,"href":"https:\/\/goitaca.com.br\/palmas\/index.php?rest_route=\/wp\/v2\/pages\/2079\/revisions"}],"predecessor-version":[{"id":2085,"href":"https:\/\/goitaca.com.br\/palmas\/index.php?rest_route=\/wp\/v2\/pages\/2079\/revisions\/2085"}],"wp:attachment":[{"href":"https:\/\/goitaca.com.br\/palmas\/index.php?rest_route=%2Fwp%2Fv2%2Fmedia&parent=2079"}],"curies":[{"name":"wp","href":"https:\/\/api.w.org\/{rel}","templated":true}]}}