{"id":2103,"date":"2014-03-26T17:11:05","date_gmt":"2014-03-26T17:11:05","guid":{"rendered":"http:\/\/www.goitaca.com.br\/palmas\/?page_id=2103"},"modified":"2014-07-21T18:12:21","modified_gmt":"2014-07-21T18:12:21","slug":"imagens-aereas-em-alta-resolucao","status":"publish","type":"page","link":"https:\/\/goitaca.com.br\/palmas\/?page_id=2103","title":{"rendered":"Imagens a\u00e9reas em Alta Resolu\u00e7\u00e3o"},"content":{"rendered":"<h4><b>Imagens a\u00e9reas em Alta Resolu\u00e7\u00e3o<\/b><\/h4>\n<p><b>\u00a0<a href=\"http:\/\/www.goitaca.com.br\/palmas\/wp-content\/uploads\/2014\/04\/imagem_menor.jpg\"><img loading=\"lazy\" decoding=\"async\" class=\"aligncenter size-full wp-image-2284\" alt=\"imagem_menor\" src=\"http:\/\/www.goitaca.com.br\/palmas\/wp-content\/uploads\/2014\/04\/imagem_menor.jpg\" width=\"1024\" height=\"768\" srcset=\"https:\/\/goitaca.com.br\/palmas\/wp-content\/uploads\/2014\/04\/imagem_menor.jpg 1024w, https:\/\/goitaca.com.br\/palmas\/wp-content\/uploads\/2014\/04\/imagem_menor-300x225.jpg 300w, https:\/\/goitaca.com.br\/palmas\/wp-content\/uploads\/2014\/04\/imagem_menor-701x525.jpg 701w\" sizes=\"auto, (max-width: 1024px) 100vw, 1024px\" \/><\/a><\/b><b><\/b><\/p>\n<p style=\"text-align: center;\"><b>IMAGEM OBL\u00cdQUA<\/b><\/p>\n<p style=\"text-align: center;\"><a style=\"line-height: 1.5em;\" href=\"http:\/\/www.goitaca.com.br\/palmas\/wp-content\/uploads\/2014\/03\/imagem-site_menor.jpg\"><img loading=\"lazy\" decoding=\"async\" class=\"aligncenter size-full wp-image-2285\" alt=\"imagem site_menor\" src=\"http:\/\/www.goitaca.com.br\/palmas\/wp-content\/uploads\/2014\/03\/imagem-site_menor.jpg\" width=\"1024\" height=\"599\" srcset=\"https:\/\/goitaca.com.br\/palmas\/wp-content\/uploads\/2014\/03\/imagem-site_menor.jpg 1024w, https:\/\/goitaca.com.br\/palmas\/wp-content\/uploads\/2014\/03\/imagem-site_menor-300x175.jpg 300w, https:\/\/goitaca.com.br\/palmas\/wp-content\/uploads\/2014\/03\/imagem-site_menor-701x410.jpg 701w\" sizes=\"auto, (max-width: 1024px) 100vw, 1024px\" \/><\/a><\/p>\n<p style=\"text-align: center;\"><b>MOSAICO ORTORRETIFICADO COM PONTOS DE CONTROLE OBTIDOS ATRAV\u00c9S DE RECEPTORES RTK<\/b><\/p>\n<p><b>Sua demanda em Alt\u00edssima Resolu\u00e7\u00e3o!<\/b><br \/>\nA comercializa\u00e7\u00e3o desse tipo de imagem a\u00e9rea \u00e9 uma grande novidade que a Goitac\u00e1 Solu\u00e7\u00f5es Ambientais e Geotecnol\u00f3gicas coloca ao seu dispor.<\/p>\n<p>Imagens de alt\u00edssima resolu\u00e7\u00e3o, sem burocracia e com valores mais acess\u00edveis do que as aplicadas no mercado hoje em dia.<\/p>\n<p><a href=\"http:\/\/www.goitaca.com.br\/palmas\/wp-content\/uploads\/2014\/05\/mosaico-agrotins2.png\"><img loading=\"lazy\" decoding=\"async\" class=\"alignnone size-large wp-image-2318\" alt=\"mosaico agrotins2\" src=\"http:\/\/www.goitaca.com.br\/palmas\/wp-content\/uploads\/2014\/05\/mosaico-agrotins2-1024x921.png\" width=\"980\" height=\"881\" srcset=\"https:\/\/goitaca.com.br\/palmas\/wp-content\/uploads\/2014\/05\/mosaico-agrotins2-1024x921.png 1024w, https:\/\/goitaca.com.br\/palmas\/wp-content\/uploads\/2014\/05\/mosaico-agrotins2-300x270.png 300w, https:\/\/goitaca.com.br\/palmas\/wp-content\/uploads\/2014\/05\/mosaico-agrotins2-701x631.png 701w, https:\/\/goitaca.com.br\/palmas\/wp-content\/uploads\/2014\/05\/mosaico-agrotins2.png 1985w\" sizes=\"auto, (max-width: 980px) 100vw, 980px\" \/><\/a><\/p>\n<p><a href=\"http:\/\/www.goitaca.com.br\/palmas\/wp-content\/uploads\/2014\/02\/IMG_2294.jpg\"><img loading=\"lazy\" decoding=\"async\" class=\"alignnone size-large wp-image-2306\" alt=\"IMG_2294\" src=\"http:\/\/www.goitaca.com.br\/palmas\/wp-content\/uploads\/2014\/02\/IMG_2294-1024x768.jpg\" width=\"980\" height=\"735\" srcset=\"https:\/\/goitaca.com.br\/palmas\/wp-content\/uploads\/2014\/02\/IMG_2294-1024x768.jpg 1024w, https:\/\/goitaca.com.br\/palmas\/wp-content\/uploads\/2014\/02\/IMG_2294-300x225.jpg 300w, https:\/\/goitaca.com.br\/palmas\/wp-content\/uploads\/2014\/02\/IMG_2294-701x525.jpg 701w\" sizes=\"auto, (max-width: 980px) 100vw, 980px\" \/><\/a><\/p>\n<p>S\u00e3o imagens capturadas por VANT\u2019s, um produto revolucion\u00e1rio que pode ser utilizado para diversas aplica\u00e7\u00f5es.<\/p>\n<p><b>Envie-nos sua \u00e1rea de pesquisa e faremos um or\u00e7amento.\u00a0<\/b><\/p>\n","protected":false},"excerpt":{"rendered":"<p>Imagens a\u00e9reas em Alta Resolu\u00e7\u00e3o \u00a0 IMAGEM OBL\u00cdQUA MOSAICO ORTORRETIFICADO COM PONTOS DE CONTROLE OBTIDOS ATRAV\u00c9S DE RECEPTORES RTK Sua demanda em Alt\u00edssima Resolu\u00e7\u00e3o! A comercializa\u00e7\u00e3o desse tipo de imagem a\u00e9rea \u00e9 uma grande novidade que a Goitac\u00e1 Solu\u00e7\u00f5es Ambientais e Geotecnol\u00f3gicas coloca ao seu dispor. Imagens de alt\u00edssima resolu\u00e7\u00e3o, sem burocracia e com valores [&hellip;]<\/p>\n","protected":false},"author":1,"featured_media":0,"parent":0,"menu_order":0,"comment_status":"open","ping_status":"open","template":"","meta":{"footnotes":""},"class_list":["post-2103","page","type-page","status-publish","hentry"],"_links":{"self":[{"href":"https:\/\/goitaca.com.br\/palmas\/index.php?rest_route=\/wp\/v2\/pages\/2103","targetHints":{"allow":["GET"]}}],"collection":[{"href":"https:\/\/goitaca.com.br\/palmas\/index.php?rest_route=\/wp\/v2\/pages"}],"about":[{"href":"https:\/\/goitaca.com.br\/palmas\/index.php?rest_route=\/wp\/v2\/types\/page"}],"author":[{"embeddable":true,"href":"https:\/\/goitaca.com.br\/palmas\/index.php?rest_route=\/wp\/v2\/users\/1"}],"replies":[{"embeddable":true,"href":"https:\/\/goitaca.com.br\/palmas\/index.php?rest_route=%2Fwp%2Fv2%2Fcomments&post=2103"}],"version-history":[{"count":5,"href":"https:\/\/goitaca.com.br\/palmas\/index.php?rest_route=\/wp\/v2\/pages\/2103\/revisions"}],"predecessor-version":[{"id":2346,"href":"https:\/\/goitaca.com.br\/palmas\/index.php?rest_route=\/wp\/v2\/pages\/2103\/revisions\/2346"}],"wp:attachment":[{"href":"https:\/\/goitaca.com.br\/palmas\/index.php?rest_route=%2Fwp%2Fv2%2Fmedia&parent=2103"}],"curies":[{"name":"wp","href":"https:\/\/api.w.org\/{rel}","templated":true}]}}