{"id":2106,"date":"2014-03-26T17:13:10","date_gmt":"2014-03-26T17:13:10","guid":{"rendered":"http:\/\/www.goitaca.com.br\/palmas\/?page_id=2106"},"modified":"2014-04-15T13:31:38","modified_gmt":"2014-04-15T13:31:38","slug":"receptor-gnss-topcon-hiper-v","status":"publish","type":"page","link":"https:\/\/goitaca.com.br\/palmas\/?page_id=2106","title":{"rendered":"Aluguel Equipamentos &#8211; RTK \u2013 Topcom"},"content":{"rendered":"<h4 style=\"text-align: justify;\"><b>Receptor GNSS Topcon Hiper V RTK com r\u00e1dio interno + coletor de dados FC-236<\/b><\/h4>\n<p><b>\u00a0<a href=\"http:\/\/www.goitaca.com.br\/palmas\/wp-content\/uploads\/2014\/03\/rtk.jpg\"><img loading=\"lazy\" decoding=\"async\" class=\"alignnone size-full wp-image-2119\" alt=\"rtk\" src=\"http:\/\/www.goitaca.com.br\/palmas\/wp-content\/uploads\/2014\/03\/rtk.jpg\" width=\"397\" height=\"272\" srcset=\"https:\/\/goitaca.com.br\/palmas\/wp-content\/uploads\/2014\/03\/rtk.jpg 397w, https:\/\/goitaca.com.br\/palmas\/wp-content\/uploads\/2014\/03\/rtk-300x205.jpg 300w\" sizes=\"auto, (max-width: 397px) 100vw, 397px\" \/><\/a><\/b><\/p>\n<p style=\"text-align: justify;\">Ganhe produtividade, pois o Receptor GNSS Topcon Hiper V \u00e9 capaz de trabalhar com sinais L1\/L2 (L2C), das constela\u00e7\u00f5es GPS e GLONASS e ainda possui 226 canais universais com a nova tecnologia Vanguard, para rastreio desses sat\u00e9lites. Ou seja, voc\u00ea otimizar\u00e1 seu rastreio mesmo em ambientes hostis para levantamentos GNSS. Assegure sua rentabilidade por meio desse aumento de produ\u00e7\u00e3o em campo, pois o Hiper V oferece seguran\u00e7a no atendimento de prazos e alta confiabilidade em seus resultados.<\/p>\n<p style=\"text-align: justify;\">Solu\u00e7\u00e3o ideal para alta produtividade em campo, o coletor de dados FC-236 \u00e9 leve e robusto, possui amplo display colorido e touch screen. Embarcada com sistema operacional Windows Mobile 6.1, o coletor possui comunica\u00e7\u00e3o Bluetooth integrada com os receptores, eliminando a necessidade do uso de cabos nas opera\u00e7\u00f5es em campo, facilitando tamb\u00e9m seu manuseio e transporte.<\/p>\n<p style=\"text-align: justify;\"><b><span style=\"text-decoration: underline;\">Precis\u00e3o horizontal de 3mm + 0.5 ppm;<\/span><\/b><\/p>\n<p style=\"text-align: justify;\"><b><span style=\"text-decoration: underline;\">Precis\u00e3o vertical de 5mm + 0.5 ppm .<\/span><\/b><\/p>\n<p style=\"text-align: justify;\"><a href=\"http:\/\/www.goitaca.com.br\/palmas\/contact-info\/\"><b><span style=\"text-decoration: underline;\">Entre em contato atrav\u00e9s de nosso fale conosco, consulte a disponibilidade e solicite j\u00e1 seu or\u00e7amento.<\/span><\/b><\/a><\/p>\n","protected":false},"excerpt":{"rendered":"<p>Receptor GNSS Topcon Hiper V RTK com r\u00e1dio interno + coletor de dados FC-236 \u00a0 Ganhe produtividade, pois o Receptor GNSS Topcon Hiper V \u00e9 capaz de trabalhar com sinais L1\/L2 (L2C), das constela\u00e7\u00f5es GPS e GLONASS e ainda possui 226 canais universais com a nova tecnologia Vanguard, para rastreio desses sat\u00e9lites. Ou seja, voc\u00ea [&hellip;]<\/p>\n","protected":false},"author":1,"featured_media":0,"parent":0,"menu_order":0,"comment_status":"open","ping_status":"open","template":"","meta":{"footnotes":""},"class_list":["post-2106","page","type-page","status-publish","hentry"],"_links":{"self":[{"href":"https:\/\/goitaca.com.br\/palmas\/index.php?rest_route=\/wp\/v2\/pages\/2106","targetHints":{"allow":["GET"]}}],"collection":[{"href":"https:\/\/goitaca.com.br\/palmas\/index.php?rest_route=\/wp\/v2\/pages"}],"about":[{"href":"https:\/\/goitaca.com.br\/palmas\/index.php?rest_route=\/wp\/v2\/types\/page"}],"author":[{"embeddable":true,"href":"https:\/\/goitaca.com.br\/palmas\/index.php?rest_route=\/wp\/v2\/users\/1"}],"replies":[{"embeddable":true,"href":"https:\/\/goitaca.com.br\/palmas\/index.php?rest_route=%2Fwp%2Fv2%2Fcomments&post=2106"}],"version-history":[{"count":13,"href":"https:\/\/goitaca.com.br\/palmas\/index.php?rest_route=\/wp\/v2\/pages\/2106\/revisions"}],"predecessor-version":[{"id":2266,"href":"https:\/\/goitaca.com.br\/palmas\/index.php?rest_route=\/wp\/v2\/pages\/2106\/revisions\/2266"}],"wp:attachment":[{"href":"https:\/\/goitaca.com.br\/palmas\/index.php?rest_route=%2Fwp%2Fv2%2Fmedia&parent=2106"}],"curies":[{"name":"wp","href":"https:\/\/api.w.org\/{rel}","templated":true}]}}