{"id":2123,"date":"2014-03-26T18:02:02","date_gmt":"2014-03-26T18:02:02","guid":{"rendered":"http:\/\/www.goitaca.com.br\/palmas\/?page_id=2123"},"modified":"2014-04-07T14:15:27","modified_gmt":"2014-04-07T14:15:27","slug":"saneamento","status":"publish","type":"page","link":"https:\/\/goitaca.com.br\/palmas\/?page_id=2123","title":{"rendered":"Saneamento"},"content":{"rendered":"<p>O\u00a0<b>Saneamento B\u00e1sico<\/b>\u00a0envolve os servi\u00e7os e a infraestrutura necess\u00e1ria para\u00a0<b>preservar a sa\u00fade da sociedade e meio ambiente<\/b>\u00a0de um determinado local. Os servi\u00e7os atendem as \u00e1reas de abastecimento de\u00a0<b>\u00e1gua pot\u00e1vel, drenagem urbana, coleta e tratamento de esgotos e manejo dos res\u00edduos s\u00f3lidos<\/b>.<\/p>\n<h6>A Goitac\u00e1 atua no setor de saneamento b\u00e1sico atendendo as seguintes \u00e1reas:<\/h6>\n<p>&nbsp;<\/p>\n<p><a href=\"http:\/\/www.goitaca.com.br\/palmas\/estacao-de-tratamento-de-agua-eta\/\">Esta\u00e7\u00e3o de Tratamento de \u00c1gua<\/a><\/p>\n<p><a href=\"http:\/\/www.goitaca.com.br\/palmas\/estacao-de-tratamento-de-esgoto-domestico\/\">Esta\u00e7\u00e3o de Tratamento de Esgoto Dom\u00e9stico<\/a><\/p>\n<p><a href=\"http:\/\/www.goitaca.com.br\/palmas\/estacao-de-tratamento-de-agua-residuaria-industrial-etar\/\">Esta\u00e7\u00e3o de Tratamento de \u00c1gua Residu\u00e1ria Industrial<\/a><\/p>\n<p><a href=\"http:\/\/www.goitaca.com.br\/palmas\/estudo-de-alternativas-para-reuso-de-agua-e-efluentes-reuso\/\">Estudo de Alternativas para Reuso de \u00c1gua e Efluentes<\/a><\/p>\n<p><a href=\"http:\/\/www.goitaca.com.br\/palmas\/projetos-de-drenagem\/\">Projetos de Drenagem<\/a><\/p>\n<p><a href=\"http:\/\/www.goitaca.com.br\/palmas\/estudos-de-disponibilidade-hidrica\/\">Estudos de Disponibilidade H\u00eddrica<\/a><\/p>\n<p><a href=\"http:\/\/www.goitaca.com.br\/palmas\/compostagem\/\">Compostagem<\/a><\/p>\n<p><a href=\"http:\/\/www.goitaca.com.br\/palmas\/obtencao-de-cadri\/\">\u00a0Obten\u00e7\u00e3o de CADRI<\/a><\/p>\n<p><a href=\"http:\/\/www.goitaca.com.br\/palmas\/plano-integrado-de-gerenciamento-de-residuos\/\">Plano Integrado de Gerenciamento de Res\u00edduos<\/a><\/p>\n<p><a href=\"http:\/\/www.goitaca.com.br\/palmas\/obtencao-de-outorgas\/\">Obten\u00e7\u00e3o de Outorgas<\/a><\/p>\n","protected":false},"excerpt":{"rendered":"<p>O\u00a0Saneamento B\u00e1sico\u00a0envolve os servi\u00e7os e a infraestrutura necess\u00e1ria para\u00a0preservar a sa\u00fade da sociedade e meio ambiente\u00a0de um determinado local. Os servi\u00e7os atendem as \u00e1reas de abastecimento de\u00a0\u00e1gua pot\u00e1vel, drenagem urbana, coleta e tratamento de esgotos e manejo dos res\u00edduos s\u00f3lidos. A Goitac\u00e1 atua no setor de saneamento b\u00e1sico atendendo as seguintes \u00e1reas: &nbsp; Esta\u00e7\u00e3o de [&hellip;]<\/p>\n","protected":false},"author":1,"featured_media":0,"parent":0,"menu_order":0,"comment_status":"open","ping_status":"open","template":"","meta":{"footnotes":""},"class_list":["post-2123","page","type-page","status-publish","hentry"],"_links":{"self":[{"href":"https:\/\/goitaca.com.br\/palmas\/index.php?rest_route=\/wp\/v2\/pages\/2123","targetHints":{"allow":["GET"]}}],"collection":[{"href":"https:\/\/goitaca.com.br\/palmas\/index.php?rest_route=\/wp\/v2\/pages"}],"about":[{"href":"https:\/\/goitaca.com.br\/palmas\/index.php?rest_route=\/wp\/v2\/types\/page"}],"author":[{"embeddable":true,"href":"https:\/\/goitaca.com.br\/palmas\/index.php?rest_route=\/wp\/v2\/users\/1"}],"replies":[{"embeddable":true,"href":"https:\/\/goitaca.com.br\/palmas\/index.php?rest_route=%2Fwp%2Fv2%2Fcomments&post=2123"}],"version-history":[{"count":2,"href":"https:\/\/goitaca.com.br\/palmas\/index.php?rest_route=\/wp\/v2\/pages\/2123\/revisions"}],"predecessor-version":[{"id":2250,"href":"https:\/\/goitaca.com.br\/palmas\/index.php?rest_route=\/wp\/v2\/pages\/2123\/revisions\/2250"}],"wp:attachment":[{"href":"https:\/\/goitaca.com.br\/palmas\/index.php?rest_route=%2Fwp%2Fv2%2Fmedia&parent=2123"}],"curies":[{"name":"wp","href":"https:\/\/api.w.org\/{rel}","templated":true}]}}