{"id":2129,"date":"2014-03-26T18:05:39","date_gmt":"2014-03-26T18:05:39","guid":{"rendered":"http:\/\/www.goitaca.com.br\/palmas\/?page_id=2129"},"modified":"2014-03-26T19:52:39","modified_gmt":"2014-03-26T19:52:39","slug":"estacao-de-tratamento-de-agua-residuaria-industrial-etar","status":"publish","type":"page","link":"https:\/\/goitaca.com.br\/palmas\/?page_id=2129","title":{"rendered":"Esta\u00e7\u00e3o de Tratamento de \u00c1gua Residu\u00e1ria Industrial"},"content":{"rendered":"<h6>\u00a0ETAR<\/h6>\n<p>&nbsp;<\/p>\n<p>A equipe da Goitac\u00e1 elabora <b>projetos para o tratamento do efluente industrial<\/b>, buscando incorporar solu\u00e7\u00f5es para o <b>reuso do efluente dentro da pr\u00f3pria ind\u00fastria<\/b>, de acordo com as necessidades do cliente. Al\u00e9m da possibilidade do fornecimento, instala\u00e7\u00e3o e start-up dos equipamentos, sempre pensando no que h\u00e1 de melhor em tecnologia.<\/p>\n<p>O <b>Reuso da \u00e1gua de processos industriais e poss\u00edvel de ser realizado<\/b>. O efluente passa por um sistema de tratamento, que varia de complexidade dependendo da carga de polui\u00e7\u00e3o do efluente e da qualidade da \u00e1gua necess\u00e1ria para reuso. Para isso existem diferentes tecnologias de tratamento do efluente industrial, atingindo diferentes n\u00edveis de tratamento.<\/p>\n<p>Os processos de tratamento podem ser de natureza f\u00edsico-qu\u00edmica e\/ou biol\u00f3gico, dependendo de cada caso.<\/p>\n","protected":false},"excerpt":{"rendered":"<p>\u00a0ETAR &nbsp; A equipe da Goitac\u00e1 elabora projetos para o tratamento do efluente industrial, buscando incorporar solu\u00e7\u00f5es para o reuso do efluente dentro da pr\u00f3pria ind\u00fastria, de acordo com as necessidades do cliente. Al\u00e9m da possibilidade do fornecimento, instala\u00e7\u00e3o e start-up dos equipamentos, sempre pensando no que h\u00e1 de melhor em tecnologia. O Reuso da [&hellip;]<\/p>\n","protected":false},"author":1,"featured_media":0,"parent":0,"menu_order":0,"comment_status":"open","ping_status":"open","template":"","meta":{"footnotes":""},"class_list":["post-2129","page","type-page","status-publish","hentry"],"_links":{"self":[{"href":"https:\/\/goitaca.com.br\/palmas\/index.php?rest_route=\/wp\/v2\/pages\/2129","targetHints":{"allow":["GET"]}}],"collection":[{"href":"https:\/\/goitaca.com.br\/palmas\/index.php?rest_route=\/wp\/v2\/pages"}],"about":[{"href":"https:\/\/goitaca.com.br\/palmas\/index.php?rest_route=\/wp\/v2\/types\/page"}],"author":[{"embeddable":true,"href":"https:\/\/goitaca.com.br\/palmas\/index.php?rest_route=\/wp\/v2\/users\/1"}],"replies":[{"embeddable":true,"href":"https:\/\/goitaca.com.br\/palmas\/index.php?rest_route=%2Fwp%2Fv2%2Fcomments&post=2129"}],"version-history":[{"count":6,"href":"https:\/\/goitaca.com.br\/palmas\/index.php?rest_route=\/wp\/v2\/pages\/2129\/revisions"}],"predecessor-version":[{"id":2167,"href":"https:\/\/goitaca.com.br\/palmas\/index.php?rest_route=\/wp\/v2\/pages\/2129\/revisions\/2167"}],"wp:attachment":[{"href":"https:\/\/goitaca.com.br\/palmas\/index.php?rest_route=%2Fwp%2Fv2%2Fmedia&parent=2129"}],"curies":[{"name":"wp","href":"https:\/\/api.w.org\/{rel}","templated":true}]}}