{"id":2143,"date":"2014-03-26T18:18:19","date_gmt":"2014-03-26T18:18:19","guid":{"rendered":"http:\/\/www.goitaca.com.br\/palmas\/?page_id=2143"},"modified":"2014-03-26T19:53:16","modified_gmt":"2014-03-26T19:53:16","slug":"estudo-de-alternativas-para-reuso-de-agua-e-efluentes-reuso","status":"publish","type":"page","link":"https:\/\/goitaca.com.br\/palmas\/?page_id=2143","title":{"rendered":"Estudo de Alternativas para Reuso de \u00c1gua e Efluentes"},"content":{"rendered":"<h6>\u00a0REUSO<\/h6>\n<p>&nbsp;<\/p>\n<p style=\"text-align: justify;\">A Goitac\u00e1 trabalha com os <b>Estudos de Alternativas para Reuso de \u00c1gua e Efluentes<\/b>, integrando as necessidades do cliente com sustentabilidade e custos adequados para tornar o <b>reuso uma realidade no dia-a-dia <\/b>dos usu\u00e1rios da \u00e1gua.<\/p>\n<p style=\"text-align: justify;\">\u00a0\u00a0\u00a0 \u00a0\u00a0\u00a0\u00a0\u00a0\u00a0\u00a0 Existem diferentes tipos de reuso:<\/p>\n<p style=\"text-align: justify;\">&#8211;\u00a0\u00a0\u00a0\u00a0\u00a0\u00a0 reuso agr\u00edcola ou na agricultura;<\/p>\n<p style=\"text-align: justify;\">&#8211;\u00a0\u00a0\u00a0\u00a0\u00a0\u00a0 reuso industrial;<\/p>\n<p style=\"text-align: justify;\">&#8211;\u00a0\u00a0\u00a0\u00a0\u00a0\u00a0 reuso recreativo e\/ou p\u00fablico;<\/p>\n<p style=\"text-align: justify;\">&#8211;\u00a0\u00a0\u00a0\u00a0\u00a0\u00a0 reuso dom\u00e9stico;<\/p>\n<p style=\"text-align: justify;\">&#8211;\u00a0\u00a0\u00a0\u00a0\u00a0\u00a0 reuso para manuten\u00e7\u00e3o de n\u00edveis m\u00ednimos em cursos d`\u00e1gua;<\/p>\n<p style=\"text-align: justify;\">&#8211;\u00a0\u00a0\u00a0\u00a0\u00a0\u00a0 reuso na aquicultura;<\/p>\n<p style=\"text-align: justify;\">&#8211;\u00a0\u00a0\u00a0\u00a0\u00a0\u00a0 reuso para recarga de aqu\u00edferos.<\/p>\n<p style=\"text-align: justify;\">\u00a0\u00a0\u00a0\u00a0\u00a0\u00a0\u00a0\u00a0\u00a0\u00a0\u00a0 A <b>qualidade da \u00e1gua para reuso \u00e9 dependente da atividade em que ser\u00e1 utilizada<\/b>, para isso pode ser necess\u00e1rio um tratamento pr\u00e9vio ou n\u00e3o.<\/p>\n<p style=\"text-align: justify;\">\u00a0\u00a0\u00a0\u00a0\u00a0\u00a0\u00a0\u00a0\u00a0\u00a0\u00a0 O Reuso \u00e9 definido como aproveitamento da \u00e1gua previamente utilizada por uma ou mais vezes em alguma atividade humana, para suprir a necessidade de outros usos ou at\u00e9 mesmo o original.<\/p>\n","protected":false},"excerpt":{"rendered":"<p>\u00a0REUSO &nbsp; A Goitac\u00e1 trabalha com os Estudos de Alternativas para Reuso de \u00c1gua e Efluentes, integrando as necessidades do cliente com sustentabilidade e custos adequados para tornar o reuso uma realidade no dia-a-dia dos usu\u00e1rios da \u00e1gua. \u00a0\u00a0\u00a0 \u00a0\u00a0\u00a0\u00a0\u00a0\u00a0\u00a0 Existem diferentes tipos de reuso: &#8211;\u00a0\u00a0\u00a0\u00a0\u00a0\u00a0 reuso agr\u00edcola ou na agricultura; &#8211;\u00a0\u00a0\u00a0\u00a0\u00a0\u00a0 reuso industrial; &#8211;\u00a0\u00a0\u00a0\u00a0\u00a0\u00a0 [&hellip;]<\/p>\n","protected":false},"author":1,"featured_media":0,"parent":0,"menu_order":0,"comment_status":"open","ping_status":"open","template":"","meta":{"footnotes":""},"class_list":["post-2143","page","type-page","status-publish","hentry"],"_links":{"self":[{"href":"https:\/\/goitaca.com.br\/palmas\/index.php?rest_route=\/wp\/v2\/pages\/2143","targetHints":{"allow":["GET"]}}],"collection":[{"href":"https:\/\/goitaca.com.br\/palmas\/index.php?rest_route=\/wp\/v2\/pages"}],"about":[{"href":"https:\/\/goitaca.com.br\/palmas\/index.php?rest_route=\/wp\/v2\/types\/page"}],"author":[{"embeddable":true,"href":"https:\/\/goitaca.com.br\/palmas\/index.php?rest_route=\/wp\/v2\/users\/1"}],"replies":[{"embeddable":true,"href":"https:\/\/goitaca.com.br\/palmas\/index.php?rest_route=%2Fwp%2Fv2%2Fcomments&post=2143"}],"version-history":[{"count":2,"href":"https:\/\/goitaca.com.br\/palmas\/index.php?rest_route=\/wp\/v2\/pages\/2143\/revisions"}],"predecessor-version":[{"id":2169,"href":"https:\/\/goitaca.com.br\/palmas\/index.php?rest_route=\/wp\/v2\/pages\/2143\/revisions\/2169"}],"wp:attachment":[{"href":"https:\/\/goitaca.com.br\/palmas\/index.php?rest_route=%2Fwp%2Fv2%2Fmedia&parent=2143"}],"curies":[{"name":"wp","href":"https:\/\/api.w.org\/{rel}","templated":true}]}}