{"id":2145,"date":"2014-03-26T18:20:34","date_gmt":"2014-03-26T18:20:34","guid":{"rendered":"http:\/\/www.goitaca.com.br\/palmas\/?page_id=2145"},"modified":"2014-03-26T19:53:37","modified_gmt":"2014-03-26T19:53:37","slug":"obtencao-de-outorgas","status":"publish","type":"page","link":"https:\/\/goitaca.com.br\/palmas\/?page_id=2145","title":{"rendered":"Obten\u00e7\u00e3o de Outorgas"},"content":{"rendered":"<h6 style=\"text-align: justify;\">OUTORGA<\/h6>\n<p>&nbsp;<\/p>\n<p style=\"text-align: justify;\">A <b>Outorga<\/b> de direito de uso dos recursos h\u00eddricos \u00e9 um instrumento utilizado pelo Poder P\u00fablico, para conceder a <b>autoriza\u00e7\u00e3o<\/b> necess\u00e1ria ao usu\u00e1rio por um determinado tempo, permitindo o uso das \u00e1guas de rios, lagos ou \u00e1guas subterr\u00e2neas, de diversas maneiras.<\/p>\n<p style=\"text-align: justify;\">A Goitac\u00e1 trabalha no processo <b>obten\u00e7\u00e3o da Outorga mediante ao \u00f3rg\u00e3o p\u00fablico,<\/b> atendendo ao cliente de acordo com a necessidade, como por exemplo:<\/p>\n<p style=\"text-align: justify;\">&#8211;\u00a0\u00a0\u00a0\u00a0\u00a0\u00a0 capta\u00e7\u00e3o\u00a0 de \u00e1gua para irriga\u00e7\u00e3o ou uso no processo industrial;<\/p>\n<p style=\"text-align: justify;\">&#8211;\u00a0\u00a0\u00a0\u00a0\u00a0\u00a0 lan\u00e7amento de efluentes;<\/p>\n<p style=\"text-align: justify;\">&#8211;\u00a0\u00a0\u00a0\u00a0\u00a0\u00a0 constru\u00e7\u00e3o de obras hidr\u00e1ulicas como barragens e canaliza\u00e7\u00f5es de rios;<\/p>\n<p style=\"text-align: justify;\">&#8211;\u00a0\u00a0\u00a0\u00a0\u00a0\u00a0 entre outros.<\/p>\n<p style=\"text-align: justify;\">No caso dos rios de dom\u00ednio da Uni\u00e3o (rios federais), compete a ANA \u2013 Agencia Nacional de \u00c1guas o poder outorgante. No Estado de S\u00e3o Paulo o poder outorgante foi concedido ao DAEE \u2013 Departamento de \u00c1gua e Energia El\u00e9trica pelo Decreto\u00a0 41.258, de 31\/10\/96, de acordo com o artigo 7\u00ba das disposi\u00e7\u00f5es transit\u00f3rias da Lei 7.663\/91, para rios de dom\u00ednio do estado.<\/p>\n","protected":false},"excerpt":{"rendered":"<p>OUTORGA &nbsp; A Outorga de direito de uso dos recursos h\u00eddricos \u00e9 um instrumento utilizado pelo Poder P\u00fablico, para conceder a autoriza\u00e7\u00e3o necess\u00e1ria ao usu\u00e1rio por um determinado tempo, permitindo o uso das \u00e1guas de rios, lagos ou \u00e1guas subterr\u00e2neas, de diversas maneiras. A Goitac\u00e1 trabalha no processo obten\u00e7\u00e3o da Outorga mediante ao \u00f3rg\u00e3o p\u00fablico, [&hellip;]<\/p>\n","protected":false},"author":1,"featured_media":0,"parent":0,"menu_order":0,"comment_status":"open","ping_status":"open","template":"","meta":{"footnotes":""},"class_list":["post-2145","page","type-page","status-publish","hentry"],"_links":{"self":[{"href":"https:\/\/goitaca.com.br\/palmas\/index.php?rest_route=\/wp\/v2\/pages\/2145","targetHints":{"allow":["GET"]}}],"collection":[{"href":"https:\/\/goitaca.com.br\/palmas\/index.php?rest_route=\/wp\/v2\/pages"}],"about":[{"href":"https:\/\/goitaca.com.br\/palmas\/index.php?rest_route=\/wp\/v2\/types\/page"}],"author":[{"embeddable":true,"href":"https:\/\/goitaca.com.br\/palmas\/index.php?rest_route=\/wp\/v2\/users\/1"}],"replies":[{"embeddable":true,"href":"https:\/\/goitaca.com.br\/palmas\/index.php?rest_route=%2Fwp%2Fv2%2Fcomments&post=2145"}],"version-history":[{"count":2,"href":"https:\/\/goitaca.com.br\/palmas\/index.php?rest_route=\/wp\/v2\/pages\/2145\/revisions"}],"predecessor-version":[{"id":2170,"href":"https:\/\/goitaca.com.br\/palmas\/index.php?rest_route=\/wp\/v2\/pages\/2145\/revisions\/2170"}],"wp:attachment":[{"href":"https:\/\/goitaca.com.br\/palmas\/index.php?rest_route=%2Fwp%2Fv2%2Fmedia&parent=2145"}],"curies":[{"name":"wp","href":"https:\/\/api.w.org\/{rel}","templated":true}]}}