{"id":2152,"date":"2014-03-26T18:55:52","date_gmt":"2014-03-26T18:55:52","guid":{"rendered":"http:\/\/www.goitaca.com.br\/palmas\/?page_id=2152"},"modified":"2014-03-26T18:55:52","modified_gmt":"2014-03-26T18:55:52","slug":"obtencao-de-cadri","status":"publish","type":"page","link":"https:\/\/goitaca.com.br\/palmas\/?page_id=2152","title":{"rendered":"Obten\u00e7\u00e3o de CADRI"},"content":{"rendered":"<h6 style=\"text-align: justify;\"><span style=\"line-height: 1.5em;\">CADRI<\/span><\/h6>\n<p>&nbsp;<\/p>\n<p style=\"text-align: justify;\">A Goitac\u00e1 trabalha no processo <b>obten\u00e7\u00e3o do CADRI<\/b> mediante a Ag\u00eancia Ambiental, atendendo ao cliente de acordo com a necessidade.<\/p>\n<p style=\"text-align: justify;\">O <b>CADRI \u2013 Certificado de Movimenta\u00e7\u00e3o de Res\u00edduos de Interesse Ambiental<\/b> \u00e9 um documento emitido pela CETESB, concedendo ao GERADOR de res\u00edduos s\u00f3lidos a <b>autoriza\u00e7\u00e3o para movimentar os res\u00edduos<\/b>, quando estes precisam ser destinados para tratamento ou disposi\u00e7\u00e3o final fora das instala\u00e7\u00f5es\u00a0 do empreendimento.<\/p>\n<p style=\"text-align: justify;\">Este documento se faz necess\u00e1rio para os <b>res\u00edduos classificados como de interesse<\/b> listados abaixo:<\/p>\n<p style=\"text-align: justify;\">&#8211;\u00a0\u00a0\u00a0\u00a0\u00a0\u00a0 1. Res\u00edduos perigosos Classe I, de acordo com a Norma 1004 da ABNT;<\/p>\n<p style=\"text-align: justify;\">&#8211;\u00a0\u00a0\u00a0\u00a0\u00a0\u00a0 2. Res\u00edduo s\u00f3lido domiciliar coletado pelo servi\u00e7o p\u00fablico, quando enviado a aterro privado ou para outros munic\u00edpios;<\/p>\n<p style=\"text-align: justify;\">&#8211;\u00a0\u00a0\u00a0\u00a0\u00a0\u00a0 3. Lodo de sistema de tratamento de efluentes l\u00edquidos industriais;<\/p>\n<p style=\"text-align: justify;\">&#8211;\u00a0\u00a0\u00a0\u00a0\u00a0\u00a0 4. Lodo de sistema de tratamento de efluentes l\u00edquidos sanit\u00e1rios gerados em fontes de polui\u00e7\u00e3o definidos no artigo 57 do Regulamento da Lei Estadual 997\/76, aprovado pelo Decreto Estadual 8.468\/76 e suas altera\u00e7\u00f5es;<\/p>\n<p style=\"text-align: justify;\">&#8211;\u00a0\u00a0\u00a0\u00a0\u00a0\u00a0 5. EPI contaminado e embalagens contendo PCB;<\/p>\n<p style=\"text-align: justify;\">&#8211;\u00a0\u00a0\u00a0\u00a0\u00a0\u00a0 6. Res\u00edduos de curtume n\u00e3o caracterizados como Classe I, pela NBR 10004;<\/p>\n<p style=\"text-align: justify;\">&#8211;\u00a0\u00a0\u00a0\u00a0\u00a0\u00a0 7. Res\u00edduos de ind\u00fastria de fundi\u00e7\u00e3o n\u00e3o caracterizados como Classe I, pela NBR 10004;<\/p>\n<p style=\"text-align: justify;\">&#8211;\u00a0\u00a0\u00a0\u00a0\u00a0\u00a0 8. Res\u00edduos de Portos e Aeroportos, exceto os res\u00edduos com caracter\u00edsticas de res\u00edduos domiciliares e os controlados pelo \u201cDepartamento da Pol\u00edcia Federal&#8221;;<\/p>\n<p style=\"text-align: justify;\">&#8211;\u00a0\u00a0\u00a0\u00a0\u00a0\u00a0 9. Res\u00edduos de Servi\u00e7os de Sa\u00fade, dos Grupos A, B e E, conforme a Resolu\u00e7\u00e3o CONAMA 358, de 29 de abril de 2005;<\/p>\n<p style=\"text-align: justify;\">&#8211;\u00a0\u00a0\u00a0\u00a0\u00a0\u00a0 10. Efluentes l\u00edquidos gerados em fontes de polui\u00e7\u00e3o definidos no artigo 57 do Regulamento da Lei Estadual 997\/76, aprovado pelo Decreto Estadual 8.468\/76 e suas altera\u00e7\u00f5es. Excetuam-se os efluentes encaminhados por rede;<\/p>\n<p style=\"text-align: justify;\">&#8211;\u00a0\u00a0\u00a0\u00a0\u00a0\u00a0 11. Lodos de sistema de tratamento de \u00e1gua;<\/p>\n<p style=\"text-align: justify;\">Al\u00e9m dos res\u00edduos comtemplados acima,\u00a0 outros res\u00edduos poder\u00e3o tamb\u00e9m ser definidos como de interesse, em casos que o local de destina\u00e7\u00e3o final exigir o documento ou a crit\u00e9rio da Ag\u00eancia Ambiental.<\/p>\n","protected":false},"excerpt":{"rendered":"<p>CADRI &nbsp; A Goitac\u00e1 trabalha no processo obten\u00e7\u00e3o do CADRI mediante a Ag\u00eancia Ambiental, atendendo ao cliente de acordo com a necessidade. O CADRI \u2013 Certificado de Movimenta\u00e7\u00e3o de Res\u00edduos de Interesse Ambiental \u00e9 um documento emitido pela CETESB, concedendo ao GERADOR de res\u00edduos s\u00f3lidos a autoriza\u00e7\u00e3o para movimentar os res\u00edduos, quando estes precisam ser [&hellip;]<\/p>\n","protected":false},"author":1,"featured_media":0,"parent":0,"menu_order":0,"comment_status":"open","ping_status":"open","template":"","meta":{"footnotes":""},"class_list":["post-2152","page","type-page","status-publish","hentry"],"_links":{"self":[{"href":"https:\/\/goitaca.com.br\/palmas\/index.php?rest_route=\/wp\/v2\/pages\/2152","targetHints":{"allow":["GET"]}}],"collection":[{"href":"https:\/\/goitaca.com.br\/palmas\/index.php?rest_route=\/wp\/v2\/pages"}],"about":[{"href":"https:\/\/goitaca.com.br\/palmas\/index.php?rest_route=\/wp\/v2\/types\/page"}],"author":[{"embeddable":true,"href":"https:\/\/goitaca.com.br\/palmas\/index.php?rest_route=\/wp\/v2\/users\/1"}],"replies":[{"embeddable":true,"href":"https:\/\/goitaca.com.br\/palmas\/index.php?rest_route=%2Fwp%2Fv2%2Fcomments&post=2152"}],"version-history":[{"count":1,"href":"https:\/\/goitaca.com.br\/palmas\/index.php?rest_route=\/wp\/v2\/pages\/2152\/revisions"}],"predecessor-version":[{"id":2153,"href":"https:\/\/goitaca.com.br\/palmas\/index.php?rest_route=\/wp\/v2\/pages\/2152\/revisions\/2153"}],"wp:attachment":[{"href":"https:\/\/goitaca.com.br\/palmas\/index.php?rest_route=%2Fwp%2Fv2%2Fmedia&parent=2152"}],"curies":[{"name":"wp","href":"https:\/\/api.w.org\/{rel}","templated":true}]}}