{"id":2154,"date":"2014-03-26T18:56:39","date_gmt":"2014-03-26T18:56:39","guid":{"rendered":"http:\/\/www.goitaca.com.br\/palmas\/?page_id=2154"},"modified":"2014-03-26T18:56:39","modified_gmt":"2014-03-26T18:56:39","slug":"compostagem","status":"publish","type":"page","link":"https:\/\/goitaca.com.br\/palmas\/?page_id=2154","title":{"rendered":"Compostagem"},"content":{"rendered":"<h6><span style=\"line-height: 1.5em;\">\u00a0COMPOSTAGEM<\/span><\/h6>\n<p>&nbsp;<\/p>\n<p>A Goitac\u00e1 <b>desenvolve e implanta projetos de compostagem,<\/b> promovendo a <b>gest\u00e3o adequada dos res\u00edduos org\u00e2nicos<\/b> de interesse, possibilitando a obten\u00e7\u00e3o de um <b>composto final para aplica\u00e7\u00e3o na agricultura<\/b>.<\/p>\n<p>A compostagem pode ser feita com restos de poda urbana, sobra de alimentos, esterco, ra\u00e7\u00e3o animal, lodo de esgoto, etc.<\/p>\n<p>Os res\u00edduos org\u00e2nicos descartados em grandes quantidades podem ser <b>reaproveitados<\/b> ap\u00f3s passarem por um processo de compostagem. Como solu\u00e7\u00e3o para a gest\u00e3o de res\u00edduos org\u00e2nicos, a compostagem pode ser empregada para obter um composto org\u00e2nico aplic\u00e1vel na agricultura. O processo que ocorre \u00e9 aer\u00f3bio devido ao revolvimento das leiras de compostagem misturando a mat\u00e9ria org\u00e2nica rica em carbono, com mat\u00e9ria org\u00e2nica rica em nitrog\u00eanio e oxig\u00eanio.<\/p>\n","protected":false},"excerpt":{"rendered":"<p>\u00a0COMPOSTAGEM &nbsp; A Goitac\u00e1 desenvolve e implanta projetos de compostagem, promovendo a gest\u00e3o adequada dos res\u00edduos org\u00e2nicos de interesse, possibilitando a obten\u00e7\u00e3o de um composto final para aplica\u00e7\u00e3o na agricultura. A compostagem pode ser feita com restos de poda urbana, sobra de alimentos, esterco, ra\u00e7\u00e3o animal, lodo de esgoto, etc. Os res\u00edduos org\u00e2nicos descartados em [&hellip;]<\/p>\n","protected":false},"author":1,"featured_media":0,"parent":0,"menu_order":0,"comment_status":"open","ping_status":"open","template":"","meta":{"footnotes":""},"class_list":["post-2154","page","type-page","status-publish","hentry"],"_links":{"self":[{"href":"https:\/\/goitaca.com.br\/palmas\/index.php?rest_route=\/wp\/v2\/pages\/2154","targetHints":{"allow":["GET"]}}],"collection":[{"href":"https:\/\/goitaca.com.br\/palmas\/index.php?rest_route=\/wp\/v2\/pages"}],"about":[{"href":"https:\/\/goitaca.com.br\/palmas\/index.php?rest_route=\/wp\/v2\/types\/page"}],"author":[{"embeddable":true,"href":"https:\/\/goitaca.com.br\/palmas\/index.php?rest_route=\/wp\/v2\/users\/1"}],"replies":[{"embeddable":true,"href":"https:\/\/goitaca.com.br\/palmas\/index.php?rest_route=%2Fwp%2Fv2%2Fcomments&post=2154"}],"version-history":[{"count":1,"href":"https:\/\/goitaca.com.br\/palmas\/index.php?rest_route=\/wp\/v2\/pages\/2154\/revisions"}],"predecessor-version":[{"id":2155,"href":"https:\/\/goitaca.com.br\/palmas\/index.php?rest_route=\/wp\/v2\/pages\/2154\/revisions\/2155"}],"wp:attachment":[{"href":"https:\/\/goitaca.com.br\/palmas\/index.php?rest_route=%2Fwp%2Fv2%2Fmedia&parent=2154"}],"curies":[{"name":"wp","href":"https:\/\/api.w.org\/{rel}","templated":true}]}}