{"id":2156,"date":"2014-03-26T18:57:22","date_gmt":"2014-03-26T18:57:22","guid":{"rendered":"http:\/\/www.goitaca.com.br\/palmas\/?page_id=2156"},"modified":"2014-03-26T18:57:22","modified_gmt":"2014-03-26T18:57:22","slug":"estudos-de-disponibilidade-hidrica","status":"publish","type":"page","link":"https:\/\/goitaca.com.br\/palmas\/?page_id=2156","title":{"rendered":"Estudos de Disponibilidade H\u00eddrica"},"content":{"rendered":"<h6><span style=\"line-height: 1.5em;\">DISPONIBILIDADE H\u00cdDRICA<\/span><\/h6>\n<p>&nbsp;<\/p>\n<p>A Goitac\u00e1 realiza estudos de <b>Disponibilidade H\u00eddrica<\/b>\u00a0 mediante as necessidades do cliente, permitindo verificar a <b>viabilidade de implanta\u00e7\u00e3o de um determinado empreendimento<\/b>, em fun\u00e7\u00e3o da <b>oferta de \u00e1gua dispon\u00edvel<\/b> no local.<\/p>\n<p>A demanda por \u00e1gua \u00e9 uma realidade no cotidiano da sociedade como um todo. A utiliza\u00e7\u00e3o da \u00e1gua ocorre de diversas formas em in\u00fameras atividades praticadas no dia-a-dia.<\/p>\n<p>O estudo de disponibilidade h\u00eddrica visa avaliar a quantidade de \u00e1gua dispon\u00edvel<b>, que poder\u00e1 ser outorgada,<\/b> para ser utilizada na implanta\u00e7\u00e3o de uma ind\u00fastria, loteamento, barragens, ou outras atividades que demandem o consumo de \u00e1gua.<\/p>\n","protected":false},"excerpt":{"rendered":"<p>DISPONIBILIDADE H\u00cdDRICA &nbsp; A Goitac\u00e1 realiza estudos de Disponibilidade H\u00eddrica\u00a0 mediante as necessidades do cliente, permitindo verificar a viabilidade de implanta\u00e7\u00e3o de um determinado empreendimento, em fun\u00e7\u00e3o da oferta de \u00e1gua dispon\u00edvel no local. A demanda por \u00e1gua \u00e9 uma realidade no cotidiano da sociedade como um todo. A utiliza\u00e7\u00e3o da \u00e1gua ocorre de diversas [&hellip;]<\/p>\n","protected":false},"author":1,"featured_media":0,"parent":0,"menu_order":0,"comment_status":"open","ping_status":"open","template":"","meta":{"footnotes":""},"class_list":["post-2156","page","type-page","status-publish","hentry"],"_links":{"self":[{"href":"https:\/\/goitaca.com.br\/palmas\/index.php?rest_route=\/wp\/v2\/pages\/2156","targetHints":{"allow":["GET"]}}],"collection":[{"href":"https:\/\/goitaca.com.br\/palmas\/index.php?rest_route=\/wp\/v2\/pages"}],"about":[{"href":"https:\/\/goitaca.com.br\/palmas\/index.php?rest_route=\/wp\/v2\/types\/page"}],"author":[{"embeddable":true,"href":"https:\/\/goitaca.com.br\/palmas\/index.php?rest_route=\/wp\/v2\/users\/1"}],"replies":[{"embeddable":true,"href":"https:\/\/goitaca.com.br\/palmas\/index.php?rest_route=%2Fwp%2Fv2%2Fcomments&post=2156"}],"version-history":[{"count":1,"href":"https:\/\/goitaca.com.br\/palmas\/index.php?rest_route=\/wp\/v2\/pages\/2156\/revisions"}],"predecessor-version":[{"id":2157,"href":"https:\/\/goitaca.com.br\/palmas\/index.php?rest_route=\/wp\/v2\/pages\/2156\/revisions\/2157"}],"wp:attachment":[{"href":"https:\/\/goitaca.com.br\/palmas\/index.php?rest_route=%2Fwp%2Fv2%2Fmedia&parent=2156"}],"curies":[{"name":"wp","href":"https:\/\/api.w.org\/{rel}","templated":true}]}}