{"id":2158,"date":"2014-03-26T18:58:08","date_gmt":"2014-03-26T18:58:08","guid":{"rendered":"http:\/\/www.goitaca.com.br\/palmas\/?page_id=2158"},"modified":"2014-03-26T18:58:08","modified_gmt":"2014-03-26T18:58:08","slug":"projetos-de-drenagem","status":"publish","type":"page","link":"https:\/\/goitaca.com.br\/palmas\/?page_id=2158","title":{"rendered":"Projetos de Drenagem"},"content":{"rendered":"<h6 style=\"text-align: justify;\"><span style=\"line-height: 1.5em;\">DRENAGEM URBANA<\/span><\/h6>\n<p>&nbsp;<\/p>\n<p style=\"text-align: justify;\">O crescimento desordenado das cidades e ocupa\u00e7\u00e3o do solo sem planejamento, provoca <b>altera\u00e7\u00f5es no escoamento superficial das \u00e1guas da chuva<\/b>.<\/p>\n<p style=\"text-align: justify;\">Como efeito da urbaniza\u00e7\u00e3o podem ocorrer:<\/p>\n<p style=\"text-align: justify;\">&#8211;\u00a0\u00a0\u00a0\u00a0\u00a0\u00a0 aumento das vaz\u00f5es m\u00e1ximas, e antecipa\u00e7\u00e3o dos picos de cheia;<\/p>\n<p style=\"text-align: justify;\">&#8211;\u00a0\u00a0\u00a0\u00a0\u00a0\u00a0 aumento da produ\u00e7\u00e3o de sedimentos;<\/p>\n<p style=\"text-align: justify;\">&#8211;\u00a0\u00a0\u00a0\u00a0\u00a0\u00a0 redu\u00e7\u00e3o de percola\u00e7\u00e3o de \u00e1gua no solo;<\/p>\n<p style=\"text-align: justify;\">&#8211;\u00a0\u00a0\u00a0\u00a0\u00a0\u00a0 eleva\u00e7\u00e3o dos n\u00edveis de \u00e1gua nos cursos d`\u00e1gua, colocando em risco popula\u00e7\u00f5es ribeirinhas;<\/p>\n<p style=\"text-align: justify;\">&#8211;\u00a0\u00a0\u00a0\u00a0\u00a0\u00a0 outras situa\u00e7\u00f5es prejudiciais a popula\u00e7\u00e3o.<\/p>\n<p style=\"text-align: justify;\">Para <b>solucionar estes problemas<\/b> devem ser utilizadas medidas estruturais e n\u00e3o estruturais que auxiliam a solucionar os problemas de drenagem urbana. Os p<b>rojetos de Drenagem urbana realizados pela Goitac\u00e1<\/b> s\u00e3o planejados considerando todas as alternativas poss\u00edveis de serem aplicadas de acordo com a situa\u00e7\u00e3o requerida.<\/p>\n","protected":false},"excerpt":{"rendered":"<p>DRENAGEM URBANA &nbsp; O crescimento desordenado das cidades e ocupa\u00e7\u00e3o do solo sem planejamento, provoca altera\u00e7\u00f5es no escoamento superficial das \u00e1guas da chuva. Como efeito da urbaniza\u00e7\u00e3o podem ocorrer: &#8211;\u00a0\u00a0\u00a0\u00a0\u00a0\u00a0 aumento das vaz\u00f5es m\u00e1ximas, e antecipa\u00e7\u00e3o dos picos de cheia; &#8211;\u00a0\u00a0\u00a0\u00a0\u00a0\u00a0 aumento da produ\u00e7\u00e3o de sedimentos; &#8211;\u00a0\u00a0\u00a0\u00a0\u00a0\u00a0 redu\u00e7\u00e3o de percola\u00e7\u00e3o de \u00e1gua no solo; &#8211;\u00a0\u00a0\u00a0\u00a0\u00a0\u00a0 [&hellip;]<\/p>\n","protected":false},"author":1,"featured_media":0,"parent":0,"menu_order":0,"comment_status":"open","ping_status":"open","template":"","meta":{"footnotes":""},"class_list":["post-2158","page","type-page","status-publish","hentry"],"_links":{"self":[{"href":"https:\/\/goitaca.com.br\/palmas\/index.php?rest_route=\/wp\/v2\/pages\/2158","targetHints":{"allow":["GET"]}}],"collection":[{"href":"https:\/\/goitaca.com.br\/palmas\/index.php?rest_route=\/wp\/v2\/pages"}],"about":[{"href":"https:\/\/goitaca.com.br\/palmas\/index.php?rest_route=\/wp\/v2\/types\/page"}],"author":[{"embeddable":true,"href":"https:\/\/goitaca.com.br\/palmas\/index.php?rest_route=\/wp\/v2\/users\/1"}],"replies":[{"embeddable":true,"href":"https:\/\/goitaca.com.br\/palmas\/index.php?rest_route=%2Fwp%2Fv2%2Fcomments&post=2158"}],"version-history":[{"count":1,"href":"https:\/\/goitaca.com.br\/palmas\/index.php?rest_route=\/wp\/v2\/pages\/2158\/revisions"}],"predecessor-version":[{"id":2159,"href":"https:\/\/goitaca.com.br\/palmas\/index.php?rest_route=\/wp\/v2\/pages\/2158\/revisions\/2159"}],"wp:attachment":[{"href":"https:\/\/goitaca.com.br\/palmas\/index.php?rest_route=%2Fwp%2Fv2%2Fmedia&parent=2158"}],"curies":[{"name":"wp","href":"https:\/\/api.w.org\/{rel}","templated":true}]}}