{"id":2211,"date":"2014-04-04T14:34:34","date_gmt":"2014-04-04T14:34:34","guid":{"rendered":"http:\/\/www.goitaca.com.br\/palmas\/?page_id=2211"},"modified":"2014-04-29T01:48:46","modified_gmt":"2014-04-29T01:48:46","slug":"geotecnologia","status":"publish","type":"page","link":"https:\/\/goitaca.com.br\/palmas\/?page_id=2211","title":{"rendered":"Geotecnologia"},"content":{"rendered":"<div>Geotecnologia de uma forma geral \u00e9 o conjunto de tecnologias para coleta, processamento, an\u00e1lise e disponibiliza\u00e7\u00e3o de informa\u00e7\u00e3o com refer\u00eancia geogr\u00e1fica.<\/div>\n<p>A GOITAC\u00c1 \u2013 Solu\u00e7\u00f5es Ambientais e Geotecnol\u00f3gicas vem inovando a forma de trabalhar nesta \u00e1rea, e vem desenvolvendo metodologias para facilitar e baratear os servi\u00e7os prestados, sempre com uma precis\u00e3o \u00edmpar.<\/p>\n<h5><strong>Navegue pelas nossas principais \u00e1reas de atua\u00e7\u00e3o e solicite seu or\u00e7amento.<\/strong><\/h5>\n<p>&nbsp;<\/p>\n<p><strong><a href=\"http:\/\/www.goitaca.com.br\/palmas\/georreferenciamento-rural\/\">Georreferenciamento de Im\u00f3veis Rurais<\/a><\/strong><\/p>\n<p><strong><a href=\"http:\/\/www.goitaca.com.br\/palmas\/topografia\/\">Topografia<\/a><\/strong><\/p>\n<p><strong><a href=\"http:\/\/www.goitaca.com.br\/palmas\/mapeamentos-e-levantamentos-atraves-de-vants\/\">Mapeamentos e Levantamentos atrav\u00e9s de VANT\u2019s<\/a><\/strong><\/p>\n","protected":false},"excerpt":{"rendered":"<p>Geotecnologia de uma forma geral \u00e9 o conjunto de tecnologias para coleta, processamento, an\u00e1lise e disponibiliza\u00e7\u00e3o de informa\u00e7\u00e3o com refer\u00eancia geogr\u00e1fica. A GOITAC\u00c1 \u2013 Solu\u00e7\u00f5es Ambientais e Geotecnol\u00f3gicas vem inovando a forma de trabalhar nesta \u00e1rea, e vem desenvolvendo metodologias para facilitar e baratear os servi\u00e7os prestados, sempre com uma precis\u00e3o \u00edmpar. Navegue pelas nossas [&hellip;]<\/p>\n","protected":false},"author":1,"featured_media":0,"parent":0,"menu_order":0,"comment_status":"open","ping_status":"open","template":"","meta":{"footnotes":""},"class_list":["post-2211","page","type-page","status-publish","hentry"],"_links":{"self":[{"href":"https:\/\/goitaca.com.br\/palmas\/index.php?rest_route=\/wp\/v2\/pages\/2211","targetHints":{"allow":["GET"]}}],"collection":[{"href":"https:\/\/goitaca.com.br\/palmas\/index.php?rest_route=\/wp\/v2\/pages"}],"about":[{"href":"https:\/\/goitaca.com.br\/palmas\/index.php?rest_route=\/wp\/v2\/types\/page"}],"author":[{"embeddable":true,"href":"https:\/\/goitaca.com.br\/palmas\/index.php?rest_route=\/wp\/v2\/users\/1"}],"replies":[{"embeddable":true,"href":"https:\/\/goitaca.com.br\/palmas\/index.php?rest_route=%2Fwp%2Fv2%2Fcomments&post=2211"}],"version-history":[{"count":6,"href":"https:\/\/goitaca.com.br\/palmas\/index.php?rest_route=\/wp\/v2\/pages\/2211\/revisions"}],"predecessor-version":[{"id":2292,"href":"https:\/\/goitaca.com.br\/palmas\/index.php?rest_route=\/wp\/v2\/pages\/2211\/revisions\/2292"}],"wp:attachment":[{"href":"https:\/\/goitaca.com.br\/palmas\/index.php?rest_route=%2Fwp%2Fv2%2Fmedia&parent=2211"}],"curies":[{"name":"wp","href":"https:\/\/api.w.org\/{rel}","templated":true}]}}