{"id":9,"date":"2013-02-11T08:07:40","date_gmt":"2013-02-11T08:07:40","guid":{"rendered":""},"modified":"2014-08-06T16:56:46","modified_gmt":"2014-08-06T16:56:46","slug":"home","status":"publish","type":"page","link":"https:\/\/goitaca.com.br\/palmas\/","title":{"rendered":"Home"},"content":{"rendered":"<h1>BEM VINDOS AO NOSSO SITE!<\/h1>\n<p><strong>A GOITAC\u00c1 \u2013 Solu\u00e7\u00f5es Ambientais e Geotecnol\u00f3gicas<\/strong>\u00a0agradece a sua visita.<br \/>\nNos colocamos a disposi\u00e7\u00e3o para ajud\u00e1-lo a resolver seus problemas ambientais com efici\u00eancia e rapidez.<br \/>\nNavegue pelos menus ao lado para saber mais sobre nossos servi\u00e7os e solicite seu or\u00e7amento.<\/p>\n","protected":false},"excerpt":{"rendered":"<p>BEM VINDOS AO NOSSO SITE! A GOITAC\u00c1 \u2013 Solu\u00e7\u00f5es Ambientais e Geotecnol\u00f3gicas\u00a0agradece a sua visita. Nos colocamos a disposi\u00e7\u00e3o para ajud\u00e1-lo a resolver seus problemas ambientais com efici\u00eancia e rapidez. Navegue pelos menus ao lado para saber mais sobre nossos servi\u00e7os e solicite seu or\u00e7amento.<\/p>\n","protected":false},"author":1,"featured_media":0,"parent":0,"menu_order":0,"comment_status":"open","ping_status":"closed","template":"","meta":{"footnotes":""},"class_list":["post-9","page","type-page","status-publish","hentry"],"_links":{"self":[{"href":"https:\/\/goitaca.com.br\/palmas\/index.php?rest_route=\/wp\/v2\/pages\/9","targetHints":{"allow":["GET"]}}],"collection":[{"href":"https:\/\/goitaca.com.br\/palmas\/index.php?rest_route=\/wp\/v2\/pages"}],"about":[{"href":"https:\/\/goitaca.com.br\/palmas\/index.php?rest_route=\/wp\/v2\/types\/page"}],"author":[{"embeddable":true,"href":"https:\/\/goitaca.com.br\/palmas\/index.php?rest_route=\/wp\/v2\/users\/1"}],"replies":[{"embeddable":true,"href":"https:\/\/goitaca.com.br\/palmas\/index.php?rest_route=%2Fwp%2Fv2%2Fcomments&post=9"}],"version-history":[{"count":31,"href":"https:\/\/goitaca.com.br\/palmas\/index.php?rest_route=\/wp\/v2\/pages\/9\/revisions"}],"predecessor-version":[{"id":2351,"href":"https:\/\/goitaca.com.br\/palmas\/index.php?rest_route=\/wp\/v2\/pages\/9\/revisions\/2351"}],"wp:attachment":[{"href":"https:\/\/goitaca.com.br\/palmas\/index.php?rest_route=%2Fwp%2Fv2%2Fmedia&parent=9"}],"curies":[{"name":"wp","href":"https:\/\/api.w.org\/{rel}","templated":true}]}}